{"id":80506,"date":"2026-03-11T18:41:03","date_gmt":"2026-03-11T17:41:03","guid":{"rendered":"https:\/\/stevensbikes.hu\/?post_type=product&#038;p=80506"},"modified":"2026-04-04T18:01:24","modified_gmt":"2026-04-04T16:01:24","slug":"e-agnello-6-6-1-anthracite","status":"publish","type":"product","link":"https:\/\/old.stevensbikes.hu\/en\/product\/e-agnello-6-6-1-anthracite\/","title":{"rendered":"E-Agnello 6.6.1 anthracite"},"content":{"rendered":"<p>V\u00e1z: Aluminium 6061<br \/>Els\u0151 villa: SR Suntour XCR36X-Boost R<br \/>Teleszk\u00f3p rug\u00f3\u00fat: 120 mm<br \/>Els\u0151 f\u00e9k: Tektro HD-M280<br \/>H\u00e1ts\u00f3 f\u00e9k: Tektro HD-M280<br \/>F\u00e9kkar: Tektro MD-M820<br \/>F\u00e9kt\u00e1rcs el\u00f6l: Tektro TR203-35, 203 mm<br \/>F\u00e9kt\u00e1rcsa h\u00e1tul: Tektro TR180-35A, 180 mm<br \/>H\u00e1ts\u00f3 v\u00e1lt\u00f3: Shimano CUES U6000 Shadow+ RD-U6000-GS, 10 seb.<br \/>V\u00e1lt\u00f3kar jobb: Shimano CUES U6000 SL-U6000-10R<br \/>L\u00e1nct\u00e1ny\u00e9r: FSA CK-747\/IS<br \/>Fogasker\u00e9k: Shimano CS-LG300-10, 10 seb.<br \/>K\u00f6z\u00e9pcsap\u00e1gy: Bosch<br \/>Els\u0151 felni: Oxygen Disc 32, 27.5&#8243;: 32 x 584 | 29&#8243;: 32 x 622<br \/>H\u00e1ts\u00f3 felni: Oxygen Disc 32, 27.5&#8243;: 32 x 584 | 29&#8243;: 32 x 622<br \/>Ker\u00e9kagy el\u00f6l: Formula FCL-811<br \/>Ker\u00e9kagy h\u00e1tul: Formula FCL-548S<br \/>K\u00fcls\u0151 gumi el\u00f6l: Schwalbe Smart Sam Performance, 27.5&#8243;: 65-584 | 29&#8243;: 65-622<br \/>K\u00fcls\u0151 gumi h\u00e1tul: Schwalbe Smart Sam Performance, 27.5&#8243;: 65-584 | 29&#8243;: 65-622<br \/>Korm\u00e1ny: Oxygen Scorpo 740 mm<br \/>Korm\u00e1nysz\u00e1r: Scorpo<br \/>Korm\u00e1nycsap\u00e1gy: Acros Blocklock Taper 1 1\/8&#8243;-1,5&#8243;<br \/>Nyereg: Oxygen Havoc<br \/>Nyeregcs\u0151: Scorpo<br \/>Ped\u00e1l: MTB Flatpedal Reflex<br \/>Motor t\u00edpus: Bosch Performance Line<br \/>Akku t\u00edpus: Bosch PowerTube 600<br \/>Akku kapacit\u00e1s: 600 Wh<br \/>Kijelz\u0151: Bosch Purion 200<br \/>Sebess\u00e9gek sz\u00e1ma: 10<br \/>S\u00faly: 23,2 kg<br \/>Max. terhelhet\u0151s\u00e9g: 140 kg<\/p>","protected":false},"excerpt":{"rendered":"<p>E-Agnello 6.6.1<\/p>","protected":false},"featured_media":80505,"comment_status":"open","ping_status":"closed","template":"","meta":{"_acf_changed":false},"product_brand":[233],"product_cat":[238,246],"product_tag":[247],"class_list":{"0":"post-80506","1":"product","2":"type-product","3":"status-publish","4":"has-post-thumbnail","6":"product_brand-stevens","7":"product_cat-e-bike","8":"product_cat-e-mtb","9":"product_tag-smart-system","10":"pa_anyaga-aluminium","11":"pa_biztonsag-szint-140-kg","12":"pa_kapacitas-600wh","13":"pa_kerekmeret-603","14":"pa_kerekmeret-600","15":"pa_kivitel-unisex","16":"pa_meret-coll-971","17":"pa_meret-coll-929","18":"pa_meret-coll-958","19":"pa_meret-coll-947","20":"pa_meret-coll-957","21":"pa_specifikacio-1-481","22":"pa_specifikacio-1-464","23":"pa_specifikacio-1-470","24":"pa_specifikacio-1-469","25":"pa_specifikacio-1-467","26":"pa_suly-kg-232-kg","27":"pa_szin-anthracite","28":"pa_technologia-bosch-g4-perf-75nm","30":"first","31":"outofstock","32":"sold-individually","33":"taxable","34":"shipping-taxable","35":"product-type-variable"},"acf":[],"yoast_head":"<!-- This site is optimized with the Yoast SEO Premium plugin v26.8 (Yoast SEO v26.8) - https:\/\/yoast.com\/product\/yoast-seo-premium-wordpress\/ -->\n<title>E-Agnello 6.6.1 anthracite - stevensbikes.hu - Pr\u00e9mium N\u00e9met Ker\u00e9kp\u00e1rok<\/title>\n<meta name=\"robots\" content=\"index, follow, max-snippet:-1, max-image-preview:large, max-video-preview:-1\" \/>\n<link rel=\"canonical\" href=\"https:\/\/old.stevensbikes.hu\/en\/product\/e-agnello-6-6-1-anthracite\/\" \/>\n<meta property=\"og:locale\" content=\"en_GB\" \/>\n<meta property=\"og:type\" content=\"article\" \/>\n<meta property=\"og:title\" content=\"E-Agnello 6.6.1 anthracite\" \/>\n<meta property=\"og:description\" content=\"E-Agnello 6.6.1\" \/>\n<meta property=\"og:url\" content=\"https:\/\/old.stevensbikes.hu\/en\/product\/e-agnello-6-6-1-anthracite\/\" \/>\n<meta property=\"og:site_name\" content=\"stevensbikes.hu - Pr\u00e9mium N\u00e9met Ker\u00e9kp\u00e1rok\" \/>\n<meta property=\"article:publisher\" content=\"https:\/\/www.facebook.com\/stevensbikeshu\" \/>\n<meta property=\"article:modified_time\" content=\"2026-04-04T16:01:24+00:00\" \/>\n<meta property=\"og:image\" content=\"https:\/\/old.stevensbikes.hu\/wp-content\/uploads\/2026\/03\/st-826000171.jpg\" \/>\n\t<meta property=\"og:image:width\" content=\"2048\" \/>\n\t<meta property=\"og:image:height\" content=\"2048\" \/>\n\t<meta property=\"og:image:type\" content=\"image\/jpeg\" \/>\n<meta name=\"twitter:card\" content=\"summary_large_image\" \/>\n<meta name=\"twitter:label1\" content=\"Estimated reading time\" \/>\n\t<meta name=\"twitter:data1\" content=\"1 minute\" \/>\n<script type=\"application\/ld+json\" class=\"yoast-schema-graph\">{\"@context\":\"https:\/\/schema.org\",\"@graph\":[{\"@type\":\"WebPage\",\"@id\":\"https:\/\/old.stevensbikes.hu\/termek\/e-agnello-6-6-1-anthracite\/\",\"url\":\"https:\/\/old.stevensbikes.hu\/termek\/e-agnello-6-6-1-anthracite\/\",\"name\":\"E-Agnello 6.6.1 anthracite - stevensbikes.hu - Pr\u00e9mium N\u00e9met Ker\u00e9kp\u00e1rok\",\"isPartOf\":{\"@id\":\"https:\/\/old.stevensbikes.hu\/#website\"},\"primaryImageOfPage\":{\"@id\":\"https:\/\/old.stevensbikes.hu\/termek\/e-agnello-6-6-1-anthracite\/#primaryimage\"},\"image\":{\"@id\":\"https:\/\/old.stevensbikes.hu\/termek\/e-agnello-6-6-1-anthracite\/#primaryimage\"},\"thumbnailUrl\":\"https:\/\/old.stevensbikes.hu\/wp-content\/uploads\/2026\/03\/st-826000171.jpg\",\"datePublished\":\"2026-03-11T17:41:03+00:00\",\"dateModified\":\"2026-04-04T16:01:24+00:00\",\"breadcrumb\":{\"@id\":\"https:\/\/old.stevensbikes.hu\/termek\/e-agnello-6-6-1-anthracite\/#breadcrumb\"},\"inLanguage\":\"en-GB\",\"potentialAction\":[{\"@type\":\"ReadAction\",\"target\":[\"https:\/\/old.stevensbikes.hu\/termek\/e-agnello-6-6-1-anthracite\/\"]}]},{\"@type\":\"ImageObject\",\"inLanguage\":\"en-GB\",\"@id\":\"https:\/\/old.stevensbikes.hu\/termek\/e-agnello-6-6-1-anthracite\/#primaryimage\",\"url\":\"https:\/\/old.stevensbikes.hu\/wp-content\/uploads\/2026\/03\/st-826000171.jpg\",\"contentUrl\":\"https:\/\/old.stevensbikes.hu\/wp-content\/uploads\/2026\/03\/st-826000171.jpg\",\"width\":2048,\"height\":2048,\"caption\":\"ST 826000171.JPG\"},{\"@type\":\"BreadcrumbList\",\"@id\":\"https:\/\/old.stevensbikes.hu\/termek\/e-agnello-6-6-1-anthracite\/#breadcrumb\",\"itemListElement\":[{\"@type\":\"ListItem\",\"position\":1,\"name\":\"Kezd\u0151lap\",\"item\":\"https:\/\/old.stevensbikes.hu\/\"},{\"@type\":\"ListItem\",\"position\":2,\"name\":\"Shop\",\"item\":\"https:\/\/old.stevensbikes.hu\/en\/shop\/\"},{\"@type\":\"ListItem\",\"position\":3,\"name\":\"E-Agnello 6.6.1 anthracite\"}]},{\"@type\":\"WebSite\",\"@id\":\"https:\/\/old.stevensbikes.hu\/#website\",\"url\":\"https:\/\/old.stevensbikes.hu\/\",\"name\":\"stevensbikes.hu - Pr\u00e9mium N\u00e9met Ker\u00e9kp\u00e1rok\",\"description\":\"A hamburgi Stevens a k\u00f6nny\u0171 \u00e9s sportos ker\u00e9kp\u00e1rok szinon\u00edm\u00e1ja, a j\u00f6v\u0151 bajnokainak v\u00e1laszt\u00e1sa 1990 \u00f3ta\",\"publisher\":{\"@id\":\"https:\/\/old.stevensbikes.hu\/#organization\"},\"potentialAction\":[{\"@type\":\"SearchAction\",\"target\":{\"@type\":\"EntryPoint\",\"urlTemplate\":\"https:\/\/old.stevensbikes.hu\/?s={search_term_string}\"},\"query-input\":{\"@type\":\"PropertyValueSpecification\",\"valueRequired\":true,\"valueName\":\"search_term_string\"}}],\"inLanguage\":\"en-GB\"},{\"@type\":\"Organization\",\"@id\":\"https:\/\/old.stevensbikes.hu\/#organization\",\"name\":\"stevensbikes.hu - Pr\u00e9mium N\u00e9met Ker\u00e9kp\u00e1rok\",\"url\":\"https:\/\/old.stevensbikes.hu\/\",\"logo\":{\"@type\":\"ImageObject\",\"inLanguage\":\"en-GB\",\"@id\":\"https:\/\/old.stevensbikes.hu\/#\/schema\/logo\/image\/\",\"url\":\"https:\/\/old.stevensbikes.hu\/wp-content\/uploads\/2025\/03\/stevens-logo-300.png\",\"contentUrl\":\"https:\/\/old.stevensbikes.hu\/wp-content\/uploads\/2025\/03\/stevens-logo-300.png\",\"width\":300,\"height\":42,\"caption\":\"stevensbikes.hu - Pr\u00e9mium N\u00e9met Ker\u00e9kp\u00e1rok\"},\"image\":{\"@id\":\"https:\/\/old.stevensbikes.hu\/#\/schema\/logo\/image\/\"},\"sameAs\":[\"https:\/\/www.facebook.com\/stevensbikeshu\",\"https:\/\/www.instagram.com\/stevensbikes.hu\/\",\"https:\/\/www.youtube.com\/@stevensbikes_hu\/\"],\"description\":\"2018 \u00f3ta forgalmazzuk Magyarorsz\u00e1gon N\u00e9metorsz\u00e1g vezet\u0151 ker\u00e9kp\u00e1rm\u00e1rk\u00e1j\u00e1t, a hamburgi Stevens m\u00e1rk\u00e1t, melynek f\u00f3kusz\u00e1ban a hazai ker\u00e9kp\u00e1r piacot is domin\u00e1l\u00f3 v\u00e1rosi\/t\u00fara ker\u00e9kp\u00e1rok \u00e1llnak. A Stevens c\u00e9g j\u00f3l felszerelt, eleg\u00e1ns ker\u00e9kp\u00e1rj\u00e1val seg\u00edti a min\u0151s\u00e9gi ker\u00e9kp\u00e1roz\u00e1s el\u0151ret\u00f6r\u00e9s\u00e9t haz\u00e1nkban. Jelenleg orsz\u00e1gszerte t\u00f6bb, mint 15 Stevens szakkeresked\u00e9s v\u00e1rja azokat az \u00e9rdekl\u0151d\u0151ket, akik hossz\u00fa t\u00e1von megb\u00edzhat\u00f3, kiv\u00e1l\u00f3 ker\u00e9kp\u00e1rt keresnek. Weboldalunkkal pedig az interneten \u00e9rdekl\u0151d\u0151knek szeretn\u00e9nk seg\u00edts\u00e9get ny\u00fajtani a megfelel\u0151 ker\u00e9kp\u00e1r gyors \u00e9s k\u00e9nyelmes kiv\u00e1laszt\u00e1s\u00e1hoz.\",\"email\":\"info@stevensbikes.hu\",\"telephone\":\"+36-24-511-270\",\"legalName\":\"Pacific Cycles \u00c9rt. Kft.\",\"foundingDate\":\"1990-11-20\"}]}<\/script>\n<!-- \/ Yoast SEO Premium plugin. -->","yoast_head_json":{"title":"E-Agnello 6.6.1 anthracite - stevensbikes.hu - Pr\u00e9mium N\u00e9met Ker\u00e9kp\u00e1rok","robots":{"index":"index","follow":"follow","max-snippet":"max-snippet:-1","max-image-preview":"max-image-preview:large","max-video-preview":"max-video-preview:-1"},"canonical":"https:\/\/old.stevensbikes.hu\/en\/product\/e-agnello-6-6-1-anthracite\/","og_locale":"en_GB","og_type":"article","og_title":"E-Agnello 6.6.1 anthracite","og_description":"E-Agnello 6.6.1","og_url":"https:\/\/old.stevensbikes.hu\/en\/product\/e-agnello-6-6-1-anthracite\/","og_site_name":"stevensbikes.hu - Pr\u00e9mium N\u00e9met Ker\u00e9kp\u00e1rok","article_publisher":"https:\/\/www.facebook.com\/stevensbikeshu","article_modified_time":"2026-04-04T16:01:24+00:00","og_image":[{"width":2048,"height":2048,"url":"https:\/\/old.stevensbikes.hu\/wp-content\/uploads\/2026\/03\/st-826000171.jpg","type":"image\/jpeg"}],"twitter_card":"summary_large_image","twitter_misc":{"Estimated reading time":"1 minute"},"schema":{"@context":"https:\/\/schema.org","@graph":[{"@type":"WebPage","@id":"https:\/\/old.stevensbikes.hu\/termek\/e-agnello-6-6-1-anthracite\/","url":"https:\/\/old.stevensbikes.hu\/termek\/e-agnello-6-6-1-anthracite\/","name":"E-Agnello 6.6.1 anthracite - stevensbikes.hu - Pr\u00e9mium N\u00e9met Ker\u00e9kp\u00e1rok","isPartOf":{"@id":"https:\/\/old.stevensbikes.hu\/#website"},"primaryImageOfPage":{"@id":"https:\/\/old.stevensbikes.hu\/termek\/e-agnello-6-6-1-anthracite\/#primaryimage"},"image":{"@id":"https:\/\/old.stevensbikes.hu\/termek\/e-agnello-6-6-1-anthracite\/#primaryimage"},"thumbnailUrl":"https:\/\/old.stevensbikes.hu\/wp-content\/uploads\/2026\/03\/st-826000171.jpg","datePublished":"2026-03-11T17:41:03+00:00","dateModified":"2026-04-04T16:01:24+00:00","breadcrumb":{"@id":"https:\/\/old.stevensbikes.hu\/termek\/e-agnello-6-6-1-anthracite\/#breadcrumb"},"inLanguage":"en-GB","potentialAction":[{"@type":"ReadAction","target":["https:\/\/old.stevensbikes.hu\/termek\/e-agnello-6-6-1-anthracite\/"]}]},{"@type":"ImageObject","inLanguage":"en-GB","@id":"https:\/\/old.stevensbikes.hu\/termek\/e-agnello-6-6-1-anthracite\/#primaryimage","url":"https:\/\/old.stevensbikes.hu\/wp-content\/uploads\/2026\/03\/st-826000171.jpg","contentUrl":"https:\/\/old.stevensbikes.hu\/wp-content\/uploads\/2026\/03\/st-826000171.jpg","width":2048,"height":2048,"caption":"ST 826000171.JPG"},{"@type":"BreadcrumbList","@id":"https:\/\/old.stevensbikes.hu\/termek\/e-agnello-6-6-1-anthracite\/#breadcrumb","itemListElement":[{"@type":"ListItem","position":1,"name":"Kezd\u0151lap","item":"https:\/\/old.stevensbikes.hu\/"},{"@type":"ListItem","position":2,"name":"Shop","item":"https:\/\/old.stevensbikes.hu\/en\/shop\/"},{"@type":"ListItem","position":3,"name":"E-Agnello 6.6.1 anthracite"}]},{"@type":"WebSite","@id":"https:\/\/old.stevensbikes.hu\/#website","url":"https:\/\/old.stevensbikes.hu\/","name":"stevensbikes.hu - Pr\u00e9mium N\u00e9met Ker\u00e9kp\u00e1rok","description":"A hamburgi Stevens a k\u00f6nny\u0171 \u00e9s sportos ker\u00e9kp\u00e1rok szinon\u00edm\u00e1ja, a j\u00f6v\u0151 bajnokainak v\u00e1laszt\u00e1sa 1990 \u00f3ta","publisher":{"@id":"https:\/\/old.stevensbikes.hu\/#organization"},"potentialAction":[{"@type":"SearchAction","target":{"@type":"EntryPoint","urlTemplate":"https:\/\/old.stevensbikes.hu\/?s={search_term_string}"},"query-input":{"@type":"PropertyValueSpecification","valueRequired":true,"valueName":"search_term_string"}}],"inLanguage":"en-GB"},{"@type":"Organization","@id":"https:\/\/old.stevensbikes.hu\/#organization","name":"stevensbikes.hu - Pr\u00e9mium N\u00e9met Ker\u00e9kp\u00e1rok","url":"https:\/\/old.stevensbikes.hu\/","logo":{"@type":"ImageObject","inLanguage":"en-GB","@id":"https:\/\/old.stevensbikes.hu\/#\/schema\/logo\/image\/","url":"https:\/\/old.stevensbikes.hu\/wp-content\/uploads\/2025\/03\/stevens-logo-300.png","contentUrl":"https:\/\/old.stevensbikes.hu\/wp-content\/uploads\/2025\/03\/stevens-logo-300.png","width":300,"height":42,"caption":"stevensbikes.hu - Pr\u00e9mium N\u00e9met Ker\u00e9kp\u00e1rok"},"image":{"@id":"https:\/\/old.stevensbikes.hu\/#\/schema\/logo\/image\/"},"sameAs":["https:\/\/www.facebook.com\/stevensbikeshu","https:\/\/www.instagram.com\/stevensbikes.hu\/","https:\/\/www.youtube.com\/@stevensbikes_hu\/"],"description":"2018 \u00f3ta forgalmazzuk Magyarorsz\u00e1gon N\u00e9metorsz\u00e1g vezet\u0151 ker\u00e9kp\u00e1rm\u00e1rk\u00e1j\u00e1t, a hamburgi Stevens m\u00e1rk\u00e1t, melynek f\u00f3kusz\u00e1ban a hazai ker\u00e9kp\u00e1r piacot is domin\u00e1l\u00f3 v\u00e1rosi\/t\u00fara ker\u00e9kp\u00e1rok \u00e1llnak. A Stevens c\u00e9g j\u00f3l felszerelt, eleg\u00e1ns ker\u00e9kp\u00e1rj\u00e1val seg\u00edti a min\u0151s\u00e9gi ker\u00e9kp\u00e1roz\u00e1s el\u0151ret\u00f6r\u00e9s\u00e9t haz\u00e1nkban. Jelenleg orsz\u00e1gszerte t\u00f6bb, mint 15 Stevens szakkeresked\u00e9s v\u00e1rja azokat az \u00e9rdekl\u0151d\u0151ket, akik hossz\u00fa t\u00e1von megb\u00edzhat\u00f3, kiv\u00e1l\u00f3 ker\u00e9kp\u00e1rt keresnek. Weboldalunkkal pedig az interneten \u00e9rdekl\u0151d\u0151knek szeretn\u00e9nk seg\u00edts\u00e9get ny\u00fajtani a megfelel\u0151 ker\u00e9kp\u00e1r gyors \u00e9s k\u00e9nyelmes kiv\u00e1laszt\u00e1s\u00e1hoz.","email":"info@stevensbikes.hu","telephone":"+36-24-511-270","legalName":"Pacific Cycles \u00c9rt. Kft.","foundingDate":"1990-11-20"}]}},"_links":{"self":[{"href":"https:\/\/old.stevensbikes.hu\/en\/wp-json\/wp\/v2\/product\/80506","targetHints":{"allow":["GET"]}}],"collection":[{"href":"https:\/\/old.stevensbikes.hu\/en\/wp-json\/wp\/v2\/product"}],"about":[{"href":"https:\/\/old.stevensbikes.hu\/en\/wp-json\/wp\/v2\/types\/product"}],"replies":[{"embeddable":true,"href":"https:\/\/old.stevensbikes.hu\/en\/wp-json\/wp\/v2\/comments?post=80506"}],"wp:featuredmedia":[{"embeddable":true,"href":"https:\/\/old.stevensbikes.hu\/en\/wp-json\/wp\/v2\/media\/80505"}],"wp:attachment":[{"href":"https:\/\/old.stevensbikes.hu\/en\/wp-json\/wp\/v2\/media?parent=80506"}],"wp:term":[{"taxonomy":"product_brand","embeddable":true,"href":"https:\/\/old.stevensbikes.hu\/en\/wp-json\/wp\/v2\/product_brand?post=80506"},{"taxonomy":"product_cat","embeddable":true,"href":"https:\/\/old.stevensbikes.hu\/en\/wp-json\/wp\/v2\/product_cat?post=80506"},{"taxonomy":"product_tag","embeddable":true,"href":"https:\/\/old.stevensbikes.hu\/en\/wp-json\/wp\/v2\/product_tag?post=80506"}],"curies":[{"name":"wp","href":"https:\/\/api.w.org\/{rel}","templated":true}]}}