{"id":79596,"date":"2026-03-10T20:18:01","date_gmt":"2026-03-10T19:18:01","guid":{"rendered":"https:\/\/stevensbikes.hu\/?post_type=product&#038;p=79596"},"modified":"2026-03-26T07:23:22","modified_gmt":"2026-03-26T06:23:22","slug":"aviolo-5-2-unisex-light-olive","status":"publish","type":"product","link":"https:\/\/old.stevensbikes.hu\/en\/product\/aviolo-5-2-unisex-light-olive\/","title":{"rendered":"Aviolo 5.2 unisex light olive"},"content":{"rendered":"<p>V\u00e1z: Aluminium 6061<br \/>Els\u0151 villa: SR Suntour NRX32-SP<br \/>Teleszk\u00f3p rug\u00f3\u00fat: 63 mm<br \/>Els\u0151 f\u00e9k: Tektro HD-T280<br \/>H\u00e1ts\u00f3 f\u00e9k: Tektro HD-T280<br \/>F\u00e9kkar: Tektro HD-T280<br \/>F\u00e9kt\u00e1rcs el\u00f6l: Tektro TR180-35, 180 mm<br \/>F\u00e9kt\u00e1rcsa h\u00e1tul: Tektro TR180-35, 180 mm<br \/>H\u00e1ts\u00f3 v\u00e1lt\u00f3: Shimano Nexus SG-C6001-8D, 8 seb.<br \/>V\u00e1lt\u00f3kar jobb: Shimano Nexus SL-C6001-8<br \/>L\u00e1nct\u00e1ny\u00e9r: Gates S250 CDN, 50 fog<br \/>Sz\u00edj t\u00edpus: Gates CDN Center Track Carbon Drive Belt<br \/>Fogasker\u00e9k: Gates CDN Center Track fogasker\u00e9k, 24 fog<br \/>K\u00f6z\u00e9pcsap\u00e1gy: BSA 68 mm<br \/>Els\u0151 felni: Oxygen Taurus 26, 26 x 622<br \/>H\u00e1ts\u00f3 felni: Oxygen Taurus 26, 26 x 622<br \/>Ker\u00e9kagy el\u00f6l: Shimano DH-3D37<br \/>Ker\u00e9kagy h\u00e1tul: Shimano Nexus<br \/>K\u00fcls\u0151 gumi el\u00f6l: Continental Contact Urban, 47-622<br \/>K\u00fcls\u0151 gumi h\u00e1tul: Continental Contact Urban, 47-622<br \/>Korm\u00e1ny: Scorpo Rise 680 mm<br \/>Korm\u00e1nysz\u00e1r: Oxygen<br \/>Korm\u00e1nycsap\u00e1gy: FSA No.80 56 CR II Taper 1 1\/8&#8243;-1,5&#8243;<br \/>Nyereg: Selle Royal Vivo Ergo<br \/>Nyeregcs\u0151: Scorpo<br \/>Ped\u00e1l: ATB Alu Reflex<br \/>Vil\u00e1g\u00edt\u00e1s el\u00f6l: B+M Briq-S T Senso+<br \/>Vil\u00e1g\u00edt\u00e1s h\u00e1tul: AXA Juno<br \/>Agydinam\u00f3: Shimano DH-3D37<br \/>Csomagtart\u00f3: Racktime STV RC 04<br \/>S\u00e1rv\u00e9d\u0151: Curana Apollo 60<br \/>Kit\u00e1maszt\u00f3: STEVENS Edge<br \/>Sebess\u00e9gek sz\u00e1ma: 8<br \/>S\u00faly: 17,9 kg<br \/>Max. terhelhet\u0151s\u00e9g: 140 kg<\/p>","protected":false},"excerpt":{"rendered":"<p>Aviolo 5.2<\/p>","protected":false},"featured_media":79595,"comment_status":"open","ping_status":"closed","template":"","meta":{"_acf_changed":false},"product_brand":[233],"product_cat":[194,196],"product_tag":[242],"class_list":{"0":"post-79596","1":"product","2":"type-product","3":"status-publish","4":"has-post-thumbnail","6":"product_brand-stevens","7":"product_cat-kerekpar","8":"product_cat-trekking","9":"product_tag-szijhajtas","10":"pa_anyaga-aluminium","11":"pa_biztonsag-szint-130-kg","12":"pa_kerekmeret-587","13":"pa_kivitel-unisex","14":"pa_meretruha-l","15":"pa_meretruha-m","16":"pa_meretruha-s","17":"pa_meretruha-xs","18":"pa_specifikacio-1-l","19":"pa_specifikacio-1-m","20":"pa_specifikacio-1-s","21":"pa_specifikacio-1-xs","22":"pa_suly-kg-179-kg","23":"pa_szin-light-olive","25":"first","26":"outofstock","27":"sold-individually","28":"taxable","29":"shipping-taxable","30":"product-type-variable"},"acf":[],"yoast_head":"<!-- This site is optimized with the Yoast SEO Premium plugin v26.8 (Yoast SEO v26.8) - https:\/\/yoast.com\/product\/yoast-seo-premium-wordpress\/ -->\n<title>Aviolo 5.2 unisex light olive - stevensbikes.hu - Pr\u00e9mium N\u00e9met Ker\u00e9kp\u00e1rok<\/title>\n<meta name=\"robots\" content=\"index, follow, max-snippet:-1, max-image-preview:large, max-video-preview:-1\" \/>\n<link rel=\"canonical\" href=\"https:\/\/old.stevensbikes.hu\/en\/product\/aviolo-5-2-unisex-light-olive\/\" \/>\n<meta property=\"og:locale\" content=\"en_GB\" \/>\n<meta property=\"og:type\" content=\"article\" \/>\n<meta property=\"og:title\" content=\"Aviolo 5.2 unisex light olive\" \/>\n<meta property=\"og:description\" content=\"Aviolo 5.2\" \/>\n<meta property=\"og:url\" content=\"https:\/\/old.stevensbikes.hu\/en\/product\/aviolo-5-2-unisex-light-olive\/\" \/>\n<meta property=\"og:site_name\" content=\"stevensbikes.hu - Pr\u00e9mium N\u00e9met Ker\u00e9kp\u00e1rok\" \/>\n<meta property=\"article:publisher\" content=\"https:\/\/www.facebook.com\/stevensbikeshu\" \/>\n<meta property=\"article:modified_time\" content=\"2026-03-26T06:23:22+00:00\" \/>\n<meta property=\"og:image\" content=\"https:\/\/old.stevensbikes.hu\/wp-content\/uploads\/2026\/03\/st-326026741-6.jpg\" \/>\n\t<meta property=\"og:image:width\" content=\"2048\" \/>\n\t<meta property=\"og:image:height\" content=\"2048\" \/>\n\t<meta property=\"og:image:type\" content=\"image\/jpeg\" \/>\n<meta name=\"twitter:card\" content=\"summary_large_image\" \/>\n<meta name=\"twitter:label1\" content=\"Estimated reading time\" \/>\n\t<meta name=\"twitter:data1\" content=\"1 minute\" \/>\n<script type=\"application\/ld+json\" class=\"yoast-schema-graph\">{\"@context\":\"https:\/\/schema.org\",\"@graph\":[{\"@type\":\"WebPage\",\"@id\":\"https:\/\/old.stevensbikes.hu\/termek\/aviolo-5-2-unisex-light-olive\/\",\"url\":\"https:\/\/old.stevensbikes.hu\/termek\/aviolo-5-2-unisex-light-olive\/\",\"name\":\"Aviolo 5.2 unisex light olive - stevensbikes.hu - Pr\u00e9mium N\u00e9met Ker\u00e9kp\u00e1rok\",\"isPartOf\":{\"@id\":\"https:\/\/old.stevensbikes.hu\/#website\"},\"primaryImageOfPage\":{\"@id\":\"https:\/\/old.stevensbikes.hu\/termek\/aviolo-5-2-unisex-light-olive\/#primaryimage\"},\"image\":{\"@id\":\"https:\/\/old.stevensbikes.hu\/termek\/aviolo-5-2-unisex-light-olive\/#primaryimage\"},\"thumbnailUrl\":\"https:\/\/old.stevensbikes.hu\/wp-content\/uploads\/2026\/03\/st-326026741-6.jpg\",\"datePublished\":\"2026-03-10T19:18:01+00:00\",\"dateModified\":\"2026-03-26T06:23:22+00:00\",\"breadcrumb\":{\"@id\":\"https:\/\/old.stevensbikes.hu\/termek\/aviolo-5-2-unisex-light-olive\/#breadcrumb\"},\"inLanguage\":\"en-GB\",\"potentialAction\":[{\"@type\":\"ReadAction\",\"target\":[\"https:\/\/old.stevensbikes.hu\/termek\/aviolo-5-2-unisex-light-olive\/\"]}]},{\"@type\":\"ImageObject\",\"inLanguage\":\"en-GB\",\"@id\":\"https:\/\/old.stevensbikes.hu\/termek\/aviolo-5-2-unisex-light-olive\/#primaryimage\",\"url\":\"https:\/\/old.stevensbikes.hu\/wp-content\/uploads\/2026\/03\/st-326026741-6.jpg\",\"contentUrl\":\"https:\/\/old.stevensbikes.hu\/wp-content\/uploads\/2026\/03\/st-326026741-6.jpg\",\"width\":2048,\"height\":2048,\"caption\":\"ST 326026741.JPG\"},{\"@type\":\"BreadcrumbList\",\"@id\":\"https:\/\/old.stevensbikes.hu\/termek\/aviolo-5-2-unisex-light-olive\/#breadcrumb\",\"itemListElement\":[{\"@type\":\"ListItem\",\"position\":1,\"name\":\"Kezd\u0151lap\",\"item\":\"https:\/\/old.stevensbikes.hu\/\"},{\"@type\":\"ListItem\",\"position\":2,\"name\":\"Shop\",\"item\":\"https:\/\/old.stevensbikes.hu\/en\/shop\/\"},{\"@type\":\"ListItem\",\"position\":3,\"name\":\"Aviolo 5.2unisex light olive\"}]},{\"@type\":\"WebSite\",\"@id\":\"https:\/\/old.stevensbikes.hu\/#website\",\"url\":\"https:\/\/old.stevensbikes.hu\/\",\"name\":\"stevensbikes.hu - Pr\u00e9mium N\u00e9met Ker\u00e9kp\u00e1rok\",\"description\":\"A hamburgi Stevens a k\u00f6nny\u0171 \u00e9s sportos ker\u00e9kp\u00e1rok szinon\u00edm\u00e1ja, a j\u00f6v\u0151 bajnokainak v\u00e1laszt\u00e1sa 1990 \u00f3ta\",\"publisher\":{\"@id\":\"https:\/\/old.stevensbikes.hu\/#organization\"},\"potentialAction\":[{\"@type\":\"SearchAction\",\"target\":{\"@type\":\"EntryPoint\",\"urlTemplate\":\"https:\/\/old.stevensbikes.hu\/?s={search_term_string}\"},\"query-input\":{\"@type\":\"PropertyValueSpecification\",\"valueRequired\":true,\"valueName\":\"search_term_string\"}}],\"inLanguage\":\"en-GB\"},{\"@type\":\"Organization\",\"@id\":\"https:\/\/old.stevensbikes.hu\/#organization\",\"name\":\"stevensbikes.hu - Pr\u00e9mium N\u00e9met Ker\u00e9kp\u00e1rok\",\"url\":\"https:\/\/old.stevensbikes.hu\/\",\"logo\":{\"@type\":\"ImageObject\",\"inLanguage\":\"en-GB\",\"@id\":\"https:\/\/old.stevensbikes.hu\/#\/schema\/logo\/image\/\",\"url\":\"https:\/\/old.stevensbikes.hu\/wp-content\/uploads\/2025\/03\/stevens-logo-300.png\",\"contentUrl\":\"https:\/\/old.stevensbikes.hu\/wp-content\/uploads\/2025\/03\/stevens-logo-300.png\",\"width\":300,\"height\":42,\"caption\":\"stevensbikes.hu - Pr\u00e9mium N\u00e9met Ker\u00e9kp\u00e1rok\"},\"image\":{\"@id\":\"https:\/\/old.stevensbikes.hu\/#\/schema\/logo\/image\/\"},\"sameAs\":[\"https:\/\/www.facebook.com\/stevensbikeshu\",\"https:\/\/www.instagram.com\/stevensbikes.hu\/\",\"https:\/\/www.youtube.com\/@stevensbikes_hu\/\"],\"description\":\"2018 \u00f3ta forgalmazzuk Magyarorsz\u00e1gon N\u00e9metorsz\u00e1g vezet\u0151 ker\u00e9kp\u00e1rm\u00e1rk\u00e1j\u00e1t, a hamburgi Stevens m\u00e1rk\u00e1t, melynek f\u00f3kusz\u00e1ban a hazai ker\u00e9kp\u00e1r piacot is domin\u00e1l\u00f3 v\u00e1rosi\/t\u00fara ker\u00e9kp\u00e1rok \u00e1llnak. A Stevens c\u00e9g j\u00f3l felszerelt, eleg\u00e1ns ker\u00e9kp\u00e1rj\u00e1val seg\u00edti a min\u0151s\u00e9gi ker\u00e9kp\u00e1roz\u00e1s el\u0151ret\u00f6r\u00e9s\u00e9t haz\u00e1nkban. Jelenleg orsz\u00e1gszerte t\u00f6bb, mint 15 Stevens szakkeresked\u00e9s v\u00e1rja azokat az \u00e9rdekl\u0151d\u0151ket, akik hossz\u00fa t\u00e1von megb\u00edzhat\u00f3, kiv\u00e1l\u00f3 ker\u00e9kp\u00e1rt keresnek. Weboldalunkkal pedig az interneten \u00e9rdekl\u0151d\u0151knek szeretn\u00e9nk seg\u00edts\u00e9get ny\u00fajtani a megfelel\u0151 ker\u00e9kp\u00e1r gyors \u00e9s k\u00e9nyelmes kiv\u00e1laszt\u00e1s\u00e1hoz.\",\"email\":\"info@stevensbikes.hu\",\"telephone\":\"+36-24-511-270\",\"legalName\":\"Pacific Cycles \u00c9rt. Kft.\",\"foundingDate\":\"1990-11-20\"}]}<\/script>\n<!-- \/ Yoast SEO Premium plugin. -->","yoast_head_json":{"title":"Aviolo 5.2 unisex light olive - stevensbikes.hu - Pr\u00e9mium N\u00e9met Ker\u00e9kp\u00e1rok","robots":{"index":"index","follow":"follow","max-snippet":"max-snippet:-1","max-image-preview":"max-image-preview:large","max-video-preview":"max-video-preview:-1"},"canonical":"https:\/\/old.stevensbikes.hu\/en\/product\/aviolo-5-2-unisex-light-olive\/","og_locale":"en_GB","og_type":"article","og_title":"Aviolo 5.2 unisex light olive","og_description":"Aviolo 5.2","og_url":"https:\/\/old.stevensbikes.hu\/en\/product\/aviolo-5-2-unisex-light-olive\/","og_site_name":"stevensbikes.hu - Pr\u00e9mium N\u00e9met Ker\u00e9kp\u00e1rok","article_publisher":"https:\/\/www.facebook.com\/stevensbikeshu","article_modified_time":"2026-03-26T06:23:22+00:00","og_image":[{"width":2048,"height":2048,"url":"https:\/\/old.stevensbikes.hu\/wp-content\/uploads\/2026\/03\/st-326026741-6.jpg","type":"image\/jpeg"}],"twitter_card":"summary_large_image","twitter_misc":{"Estimated reading time":"1 minute"},"schema":{"@context":"https:\/\/schema.org","@graph":[{"@type":"WebPage","@id":"https:\/\/old.stevensbikes.hu\/termek\/aviolo-5-2-unisex-light-olive\/","url":"https:\/\/old.stevensbikes.hu\/termek\/aviolo-5-2-unisex-light-olive\/","name":"Aviolo 5.2 unisex light olive - stevensbikes.hu - Pr\u00e9mium N\u00e9met Ker\u00e9kp\u00e1rok","isPartOf":{"@id":"https:\/\/old.stevensbikes.hu\/#website"},"primaryImageOfPage":{"@id":"https:\/\/old.stevensbikes.hu\/termek\/aviolo-5-2-unisex-light-olive\/#primaryimage"},"image":{"@id":"https:\/\/old.stevensbikes.hu\/termek\/aviolo-5-2-unisex-light-olive\/#primaryimage"},"thumbnailUrl":"https:\/\/old.stevensbikes.hu\/wp-content\/uploads\/2026\/03\/st-326026741-6.jpg","datePublished":"2026-03-10T19:18:01+00:00","dateModified":"2026-03-26T06:23:22+00:00","breadcrumb":{"@id":"https:\/\/old.stevensbikes.hu\/termek\/aviolo-5-2-unisex-light-olive\/#breadcrumb"},"inLanguage":"en-GB","potentialAction":[{"@type":"ReadAction","target":["https:\/\/old.stevensbikes.hu\/termek\/aviolo-5-2-unisex-light-olive\/"]}]},{"@type":"ImageObject","inLanguage":"en-GB","@id":"https:\/\/old.stevensbikes.hu\/termek\/aviolo-5-2-unisex-light-olive\/#primaryimage","url":"https:\/\/old.stevensbikes.hu\/wp-content\/uploads\/2026\/03\/st-326026741-6.jpg","contentUrl":"https:\/\/old.stevensbikes.hu\/wp-content\/uploads\/2026\/03\/st-326026741-6.jpg","width":2048,"height":2048,"caption":"ST 326026741.JPG"},{"@type":"BreadcrumbList","@id":"https:\/\/old.stevensbikes.hu\/termek\/aviolo-5-2-unisex-light-olive\/#breadcrumb","itemListElement":[{"@type":"ListItem","position":1,"name":"Kezd\u0151lap","item":"https:\/\/old.stevensbikes.hu\/"},{"@type":"ListItem","position":2,"name":"Shop","item":"https:\/\/old.stevensbikes.hu\/en\/shop\/"},{"@type":"ListItem","position":3,"name":"Aviolo 5.2unisex light olive"}]},{"@type":"WebSite","@id":"https:\/\/old.stevensbikes.hu\/#website","url":"https:\/\/old.stevensbikes.hu\/","name":"stevensbikes.hu - Pr\u00e9mium N\u00e9met Ker\u00e9kp\u00e1rok","description":"A hamburgi Stevens a k\u00f6nny\u0171 \u00e9s sportos ker\u00e9kp\u00e1rok szinon\u00edm\u00e1ja, a j\u00f6v\u0151 bajnokainak v\u00e1laszt\u00e1sa 1990 \u00f3ta","publisher":{"@id":"https:\/\/old.stevensbikes.hu\/#organization"},"potentialAction":[{"@type":"SearchAction","target":{"@type":"EntryPoint","urlTemplate":"https:\/\/old.stevensbikes.hu\/?s={search_term_string}"},"query-input":{"@type":"PropertyValueSpecification","valueRequired":true,"valueName":"search_term_string"}}],"inLanguage":"en-GB"},{"@type":"Organization","@id":"https:\/\/old.stevensbikes.hu\/#organization","name":"stevensbikes.hu - Pr\u00e9mium N\u00e9met Ker\u00e9kp\u00e1rok","url":"https:\/\/old.stevensbikes.hu\/","logo":{"@type":"ImageObject","inLanguage":"en-GB","@id":"https:\/\/old.stevensbikes.hu\/#\/schema\/logo\/image\/","url":"https:\/\/old.stevensbikes.hu\/wp-content\/uploads\/2025\/03\/stevens-logo-300.png","contentUrl":"https:\/\/old.stevensbikes.hu\/wp-content\/uploads\/2025\/03\/stevens-logo-300.png","width":300,"height":42,"caption":"stevensbikes.hu - Pr\u00e9mium N\u00e9met Ker\u00e9kp\u00e1rok"},"image":{"@id":"https:\/\/old.stevensbikes.hu\/#\/schema\/logo\/image\/"},"sameAs":["https:\/\/www.facebook.com\/stevensbikeshu","https:\/\/www.instagram.com\/stevensbikes.hu\/","https:\/\/www.youtube.com\/@stevensbikes_hu\/"],"description":"2018 \u00f3ta forgalmazzuk Magyarorsz\u00e1gon N\u00e9metorsz\u00e1g vezet\u0151 ker\u00e9kp\u00e1rm\u00e1rk\u00e1j\u00e1t, a hamburgi Stevens m\u00e1rk\u00e1t, melynek f\u00f3kusz\u00e1ban a hazai ker\u00e9kp\u00e1r piacot is domin\u00e1l\u00f3 v\u00e1rosi\/t\u00fara ker\u00e9kp\u00e1rok \u00e1llnak. A Stevens c\u00e9g j\u00f3l felszerelt, eleg\u00e1ns ker\u00e9kp\u00e1rj\u00e1val seg\u00edti a min\u0151s\u00e9gi ker\u00e9kp\u00e1roz\u00e1s el\u0151ret\u00f6r\u00e9s\u00e9t haz\u00e1nkban. Jelenleg orsz\u00e1gszerte t\u00f6bb, mint 15 Stevens szakkeresked\u00e9s v\u00e1rja azokat az \u00e9rdekl\u0151d\u0151ket, akik hossz\u00fa t\u00e1von megb\u00edzhat\u00f3, kiv\u00e1l\u00f3 ker\u00e9kp\u00e1rt keresnek. Weboldalunkkal pedig az interneten \u00e9rdekl\u0151d\u0151knek szeretn\u00e9nk seg\u00edts\u00e9get ny\u00fajtani a megfelel\u0151 ker\u00e9kp\u00e1r gyors \u00e9s k\u00e9nyelmes kiv\u00e1laszt\u00e1s\u00e1hoz.","email":"info@stevensbikes.hu","telephone":"+36-24-511-270","legalName":"Pacific Cycles \u00c9rt. Kft.","foundingDate":"1990-11-20"}]}},"_links":{"self":[{"href":"https:\/\/old.stevensbikes.hu\/en\/wp-json\/wp\/v2\/product\/79596","targetHints":{"allow":["GET"]}}],"collection":[{"href":"https:\/\/old.stevensbikes.hu\/en\/wp-json\/wp\/v2\/product"}],"about":[{"href":"https:\/\/old.stevensbikes.hu\/en\/wp-json\/wp\/v2\/types\/product"}],"replies":[{"embeddable":true,"href":"https:\/\/old.stevensbikes.hu\/en\/wp-json\/wp\/v2\/comments?post=79596"}],"wp:featuredmedia":[{"embeddable":true,"href":"https:\/\/old.stevensbikes.hu\/en\/wp-json\/wp\/v2\/media\/79595"}],"wp:attachment":[{"href":"https:\/\/old.stevensbikes.hu\/en\/wp-json\/wp\/v2\/media?parent=79596"}],"wp:term":[{"taxonomy":"product_brand","embeddable":true,"href":"https:\/\/old.stevensbikes.hu\/en\/wp-json\/wp\/v2\/product_brand?post=79596"},{"taxonomy":"product_cat","embeddable":true,"href":"https:\/\/old.stevensbikes.hu\/en\/wp-json\/wp\/v2\/product_cat?post=79596"},{"taxonomy":"product_tag","embeddable":true,"href":"https:\/\/old.stevensbikes.hu\/en\/wp-json\/wp\/v2\/product_tag?post=79596"}],"curies":[{"name":"wp","href":"https:\/\/api.w.org\/{rel}","templated":true}]}}