{"id":66753,"date":"2025-10-14T14:24:38","date_gmt":"2025-10-14T12:24:38","guid":{"rendered":"https:\/\/stevensbikes.hu\/?post_type=product&#038;p=66753"},"modified":"2026-03-26T07:33:03","modified_gmt":"2026-03-26T06:33:03","slug":"e-lavena-pt5-ferfi-stealth-black","status":"publish","type":"product","link":"https:\/\/old.stevensbikes.hu\/en\/product\/e-lavena-pt5-ferfi-stealth-black\/","title":{"rendered":"E-Lavena PT5 f\u00e9rfi stealth black"},"content":{"rendered":"<p>S\u00faly: 25,9 kg<br \/>\nM\u00e9retek: f\u00e9rfi 52, 55, 58, 61 cm<br \/>\nSz\u00edn(ek): Stealth Black<br \/>\nTerhelhet\u0151s\u00e9g: 140 kg<br \/>\nV\u00e1z: Aluminium 6061<br \/>\nEls\u0151 villa: SR Suntour NCX-D Air LO<br \/>\nKorm\u00e1nycsap\u00e1gy: STEVENS AH Taper 1 1\/8&#8243;-1 1\/2&#8243;<br \/>\nH\u00e1ts\u00f3 v\u00e1lt\u00f3: Shimano Deore Trekking Shadow<br \/>\nV\u00e1lt\u00f3kar jobb oldal: Shimano Deore<br \/>\nEls\u0151 f\u00e9k: Shimano BR-MT200<br \/>\nH\u00e1ts\u00f3 f\u00e9k: Shimano BR-MT200<br \/>\nF\u00e9kt\u00e1rcs\u00e1k: SM-RT30<br \/>\nF\u00e9kt\u00e1rcs\u00e1k: SM-RT30<br \/>\nF\u00e9kkar: Shimano BL-MT200<br \/>\nKazetta: Shimano CS-HG50-10<br \/>\nL\u00e1nc: KMC X10eS EPT<br \/>\nL\u00e1ncker\u00e9k: STEVENS G3<br \/>\nMotor fogasker\u00e9k: Bosch G3 Performance Line Cruise<br \/>\nHajt\u00f3m\u0171: Oxygen E-Scorpo<br \/>\nAkkuml\u00e1tor: Bosch PowerPack 500<br \/>\nT\u00f6lt\u0151 t\u00edpusa: Bosch 4A Ladeger\u00e4t<br \/>\nKijelz\u0151: Bosch Intuvia<br \/>\nPed\u00e1l: City Reflex<br \/>\nKorm\u00e1ny: Oxygen Scorpo<br \/>\nKorm\u00e1nysz\u00e1r: Oxygen E-Scorpo<br \/>\nNyereg: Selle Royal E-Zone<br \/>\nNyeregcs\u0151: Oxygen E-Scorpo<br \/>\nEls\u0151 agy: Shimano Deore<br \/>\nH\u00e1ts\u00f3 agy: Shimano FH-TX505<br \/>\nFelnik: Oxygen RM-T20 Disc<br \/>\nGumik: Schwalbe Marathon<br \/>\nEls\u0151 vil\u00e1g\u00edt\u00e1s: B+M IQ Myc T Senso<br \/>\nH\u00e1ts\u00f3 vil\u00e1g\u00edt\u00e1s: B+M Shine Evo<br \/>\nCsomagtart\u00f3: Racktime Shine Evo RTA Gep\u00e4cktr\u00e4ger<br \/>\nS\u00e1rv\u00e9d\u0151: SKS s\u00e1rv\u00e9d\u0151<br \/>\nKit\u00e1maszt\u00f3: Pletscher Comp St\u00e4nder<br \/>\nCseng\u0151: STEVENS D85 cseng\u0151<\/p>","protected":false},"excerpt":{"rendered":"<p>E-Lavena PT5<\/p>","protected":false},"featured_media":66752,"comment_status":"open","ping_status":"closed","template":"","meta":{"_acf_changed":false},"product_brand":[233],"product_cat":[238,239],"product_tag":[],"class_list":{"0":"post-66753","1":"product","2":"type-product","3":"status-publish","4":"has-post-thumbnail","6":"product_brand-stevens","7":"product_cat-e-bike","8":"product_cat-e-trekking","9":"pa_anyaga-aluminium","10":"pa_biztonsag-szint-140-kg","11":"pa_felszerelt-igen-vilagitas-csomagtarto-sarvedo-kitamaszto-csengo","12":"pa_kapacitas-500wh","13":"pa_kerekmeret-587","14":"pa_kivitel-ferfi","15":"pa_meret-cm-925","16":"pa_sebesseg-1x10","17":"pa_specifikacio-1-498","18":"pa_suly-kg-259-kg","19":"pa_szin-stealth-black","20":"pa_technologia-bosch-g3-perf-65nm","22":"first","23":"instock","24":"sold-individually","25":"taxable","26":"shipping-taxable","27":"purchasable","28":"product-type-variable","29":"has-default-attributes"},"acf":[],"yoast_head":"<!-- This site is optimized with the Yoast SEO Premium plugin v26.8 (Yoast SEO v26.8) - https:\/\/yoast.com\/product\/yoast-seo-premium-wordpress\/ -->\n<title>E-Lavena PT5 f\u00e9rfi stealth black - stevensbikes.hu - Pr\u00e9mium N\u00e9met Ker\u00e9kp\u00e1rok<\/title>\n<meta name=\"robots\" content=\"index, follow, max-snippet:-1, max-image-preview:large, max-video-preview:-1\" \/>\n<link rel=\"canonical\" href=\"https:\/\/old.stevensbikes.hu\/en\/product\/e-lavena-pt5-ferfi-stealth-black\/\" \/>\n<meta property=\"og:locale\" content=\"en_GB\" \/>\n<meta property=\"og:type\" content=\"article\" \/>\n<meta property=\"og:title\" content=\"E-Lavena PT5 f\u00e9rfi stealth black\" \/>\n<meta property=\"og:description\" content=\"E-Lavena PT5\" \/>\n<meta property=\"og:url\" content=\"https:\/\/old.stevensbikes.hu\/en\/product\/e-lavena-pt5-ferfi-stealth-black\/\" \/>\n<meta property=\"og:site_name\" content=\"stevensbikes.hu - Pr\u00e9mium N\u00e9met Ker\u00e9kp\u00e1rok\" \/>\n<meta property=\"article:publisher\" content=\"https:\/\/www.facebook.com\/stevensbikeshu\" \/>\n<meta property=\"article:modified_time\" content=\"2026-03-26T06:33:03+00:00\" \/>\n<meta property=\"og:image\" content=\"https:\/\/old.stevensbikes.hu\/wp-content\/uploads\/2025\/10\/e-lavena-pt5-gent-22-55-stealth-black-my22.jpg\" \/>\n\t<meta property=\"og:image:width\" content=\"1000\" \/>\n\t<meta property=\"og:image:height\" content=\"1000\" \/>\n\t<meta property=\"og:image:type\" content=\"image\/jpeg\" \/>\n<meta name=\"twitter:card\" content=\"summary_large_image\" \/>\n<meta name=\"twitter:label1\" content=\"Estimated reading time\" \/>\n\t<meta name=\"twitter:data1\" content=\"1 minute\" \/>\n<script type=\"application\/ld+json\" class=\"yoast-schema-graph\">{\"@context\":\"https:\/\/schema.org\",\"@graph\":[{\"@type\":\"WebPage\",\"@id\":\"https:\/\/old.stevensbikes.hu\/en\/product\/e-lavena-pt5-ferfi-stealth-black\/\",\"url\":\"https:\/\/old.stevensbikes.hu\/en\/product\/e-lavena-pt5-ferfi-stealth-black\/\",\"name\":\"E-Lavena PT5 f\u00e9rfi stealth black - stevensbikes.hu - Pr\u00e9mium N\u00e9met Ker\u00e9kp\u00e1rok\",\"isPartOf\":{\"@id\":\"https:\/\/old.stevensbikes.hu\/#website\"},\"primaryImageOfPage\":{\"@id\":\"https:\/\/old.stevensbikes.hu\/en\/product\/e-lavena-pt5-ferfi-stealth-black\/#primaryimage\"},\"image\":{\"@id\":\"https:\/\/old.stevensbikes.hu\/en\/product\/e-lavena-pt5-ferfi-stealth-black\/#primaryimage\"},\"thumbnailUrl\":\"https:\/\/old.stevensbikes.hu\/wp-content\/uploads\/2025\/10\/e-lavena-pt5-gent-22-55-stealth-black-my22.jpg\",\"datePublished\":\"2025-10-14T12:24:38+00:00\",\"dateModified\":\"2026-03-26T06:33:03+00:00\",\"breadcrumb\":{\"@id\":\"https:\/\/old.stevensbikes.hu\/en\/product\/e-lavena-pt5-ferfi-stealth-black\/#breadcrumb\"},\"inLanguage\":\"en-GB\",\"potentialAction\":[{\"@type\":\"ReadAction\",\"target\":[\"https:\/\/old.stevensbikes.hu\/en\/product\/e-lavena-pt5-ferfi-stealth-black\/\"]}]},{\"@type\":\"ImageObject\",\"inLanguage\":\"en-GB\",\"@id\":\"https:\/\/old.stevensbikes.hu\/en\/product\/e-lavena-pt5-ferfi-stealth-black\/#primaryimage\",\"url\":\"https:\/\/old.stevensbikes.hu\/wp-content\/uploads\/2025\/10\/e-lavena-pt5-gent-22-55-stealth-black-my22.jpg\",\"contentUrl\":\"https:\/\/old.stevensbikes.hu\/wp-content\/uploads\/2025\/10\/e-lavena-pt5-gent-22-55-stealth-black-my22.jpg\",\"width\":1000,\"height\":1000,\"caption\":\"E-LAVENA PT5 GENT 22 55 STEALTH BLACK MY22.JPG\"},{\"@type\":\"BreadcrumbList\",\"@id\":\"https:\/\/old.stevensbikes.hu\/en\/product\/e-lavena-pt5-ferfi-stealth-black\/#breadcrumb\",\"itemListElement\":[{\"@type\":\"ListItem\",\"position\":1,\"name\":\"Kezd\u0151lap\",\"item\":\"https:\/\/old.stevensbikes.hu\/\"},{\"@type\":\"ListItem\",\"position\":2,\"name\":\"Shop\",\"item\":\"https:\/\/old.stevensbikes.hu\/en\/shop\/\"},{\"@type\":\"ListItem\",\"position\":3,\"name\":\"E-Lavena PT5f\u00e9rfi stealth black\"}]},{\"@type\":\"WebSite\",\"@id\":\"https:\/\/old.stevensbikes.hu\/#website\",\"url\":\"https:\/\/old.stevensbikes.hu\/\",\"name\":\"stevensbikes.hu - Pr\u00e9mium N\u00e9met Ker\u00e9kp\u00e1rok\",\"description\":\"A hamburgi Stevens a k\u00f6nny\u0171 \u00e9s sportos ker\u00e9kp\u00e1rok szinon\u00edm\u00e1ja, a j\u00f6v\u0151 bajnokainak v\u00e1laszt\u00e1sa 1990 \u00f3ta\",\"publisher\":{\"@id\":\"https:\/\/old.stevensbikes.hu\/#organization\"},\"potentialAction\":[{\"@type\":\"SearchAction\",\"target\":{\"@type\":\"EntryPoint\",\"urlTemplate\":\"https:\/\/old.stevensbikes.hu\/?s={search_term_string}\"},\"query-input\":{\"@type\":\"PropertyValueSpecification\",\"valueRequired\":true,\"valueName\":\"search_term_string\"}}],\"inLanguage\":\"en-GB\"},{\"@type\":\"Organization\",\"@id\":\"https:\/\/old.stevensbikes.hu\/#organization\",\"name\":\"stevensbikes.hu - Pr\u00e9mium N\u00e9met Ker\u00e9kp\u00e1rok\",\"url\":\"https:\/\/old.stevensbikes.hu\/\",\"logo\":{\"@type\":\"ImageObject\",\"inLanguage\":\"en-GB\",\"@id\":\"https:\/\/old.stevensbikes.hu\/#\/schema\/logo\/image\/\",\"url\":\"https:\/\/old.stevensbikes.hu\/wp-content\/uploads\/2025\/03\/stevens-logo-300.png\",\"contentUrl\":\"https:\/\/old.stevensbikes.hu\/wp-content\/uploads\/2025\/03\/stevens-logo-300.png\",\"width\":300,\"height\":42,\"caption\":\"stevensbikes.hu - Pr\u00e9mium N\u00e9met Ker\u00e9kp\u00e1rok\"},\"image\":{\"@id\":\"https:\/\/old.stevensbikes.hu\/#\/schema\/logo\/image\/\"},\"sameAs\":[\"https:\/\/www.facebook.com\/stevensbikeshu\",\"https:\/\/www.instagram.com\/stevensbikes.hu\/\",\"https:\/\/www.youtube.com\/@stevensbikes_hu\/\"],\"description\":\"2018 \u00f3ta forgalmazzuk Magyarorsz\u00e1gon N\u00e9metorsz\u00e1g vezet\u0151 ker\u00e9kp\u00e1rm\u00e1rk\u00e1j\u00e1t, a hamburgi Stevens m\u00e1rk\u00e1t, melynek f\u00f3kusz\u00e1ban a hazai ker\u00e9kp\u00e1r piacot is domin\u00e1l\u00f3 v\u00e1rosi\/t\u00fara ker\u00e9kp\u00e1rok \u00e1llnak. A Stevens c\u00e9g j\u00f3l felszerelt, eleg\u00e1ns ker\u00e9kp\u00e1rj\u00e1val seg\u00edti a min\u0151s\u00e9gi ker\u00e9kp\u00e1roz\u00e1s el\u0151ret\u00f6r\u00e9s\u00e9t haz\u00e1nkban. Jelenleg orsz\u00e1gszerte t\u00f6bb, mint 15 Stevens szakkeresked\u00e9s v\u00e1rja azokat az \u00e9rdekl\u0151d\u0151ket, akik hossz\u00fa t\u00e1von megb\u00edzhat\u00f3, kiv\u00e1l\u00f3 ker\u00e9kp\u00e1rt keresnek. Weboldalunkkal pedig az interneten \u00e9rdekl\u0151d\u0151knek szeretn\u00e9nk seg\u00edts\u00e9get ny\u00fajtani a megfelel\u0151 ker\u00e9kp\u00e1r gyors \u00e9s k\u00e9nyelmes kiv\u00e1laszt\u00e1s\u00e1hoz.\",\"email\":\"info@stevensbikes.hu\",\"telephone\":\"+36-24-511-270\",\"legalName\":\"Pacific Cycles \u00c9rt. Kft.\",\"foundingDate\":\"1990-11-20\"}]}<\/script>\n<!-- \/ Yoast SEO Premium plugin. -->","yoast_head_json":{"title":"E-Lavena PT5 f\u00e9rfi stealth black - stevensbikes.hu - Pr\u00e9mium N\u00e9met Ker\u00e9kp\u00e1rok","robots":{"index":"index","follow":"follow","max-snippet":"max-snippet:-1","max-image-preview":"max-image-preview:large","max-video-preview":"max-video-preview:-1"},"canonical":"https:\/\/old.stevensbikes.hu\/en\/product\/e-lavena-pt5-ferfi-stealth-black\/","og_locale":"en_GB","og_type":"article","og_title":"E-Lavena PT5 f\u00e9rfi stealth black","og_description":"E-Lavena PT5","og_url":"https:\/\/old.stevensbikes.hu\/en\/product\/e-lavena-pt5-ferfi-stealth-black\/","og_site_name":"stevensbikes.hu - Pr\u00e9mium N\u00e9met Ker\u00e9kp\u00e1rok","article_publisher":"https:\/\/www.facebook.com\/stevensbikeshu","article_modified_time":"2026-03-26T06:33:03+00:00","og_image":[{"width":1000,"height":1000,"url":"https:\/\/old.stevensbikes.hu\/wp-content\/uploads\/2025\/10\/e-lavena-pt5-gent-22-55-stealth-black-my22.jpg","type":"image\/jpeg"}],"twitter_card":"summary_large_image","twitter_misc":{"Estimated reading time":"1 minute"},"schema":{"@context":"https:\/\/schema.org","@graph":[{"@type":"WebPage","@id":"https:\/\/old.stevensbikes.hu\/en\/product\/e-lavena-pt5-ferfi-stealth-black\/","url":"https:\/\/old.stevensbikes.hu\/en\/product\/e-lavena-pt5-ferfi-stealth-black\/","name":"E-Lavena PT5 f\u00e9rfi stealth black - stevensbikes.hu - Pr\u00e9mium N\u00e9met Ker\u00e9kp\u00e1rok","isPartOf":{"@id":"https:\/\/old.stevensbikes.hu\/#website"},"primaryImageOfPage":{"@id":"https:\/\/old.stevensbikes.hu\/en\/product\/e-lavena-pt5-ferfi-stealth-black\/#primaryimage"},"image":{"@id":"https:\/\/old.stevensbikes.hu\/en\/product\/e-lavena-pt5-ferfi-stealth-black\/#primaryimage"},"thumbnailUrl":"https:\/\/old.stevensbikes.hu\/wp-content\/uploads\/2025\/10\/e-lavena-pt5-gent-22-55-stealth-black-my22.jpg","datePublished":"2025-10-14T12:24:38+00:00","dateModified":"2026-03-26T06:33:03+00:00","breadcrumb":{"@id":"https:\/\/old.stevensbikes.hu\/en\/product\/e-lavena-pt5-ferfi-stealth-black\/#breadcrumb"},"inLanguage":"en-GB","potentialAction":[{"@type":"ReadAction","target":["https:\/\/old.stevensbikes.hu\/en\/product\/e-lavena-pt5-ferfi-stealth-black\/"]}]},{"@type":"ImageObject","inLanguage":"en-GB","@id":"https:\/\/old.stevensbikes.hu\/en\/product\/e-lavena-pt5-ferfi-stealth-black\/#primaryimage","url":"https:\/\/old.stevensbikes.hu\/wp-content\/uploads\/2025\/10\/e-lavena-pt5-gent-22-55-stealth-black-my22.jpg","contentUrl":"https:\/\/old.stevensbikes.hu\/wp-content\/uploads\/2025\/10\/e-lavena-pt5-gent-22-55-stealth-black-my22.jpg","width":1000,"height":1000,"caption":"E-LAVENA PT5 GENT 22 55 STEALTH BLACK MY22.JPG"},{"@type":"BreadcrumbList","@id":"https:\/\/old.stevensbikes.hu\/en\/product\/e-lavena-pt5-ferfi-stealth-black\/#breadcrumb","itemListElement":[{"@type":"ListItem","position":1,"name":"Kezd\u0151lap","item":"https:\/\/old.stevensbikes.hu\/"},{"@type":"ListItem","position":2,"name":"Shop","item":"https:\/\/old.stevensbikes.hu\/en\/shop\/"},{"@type":"ListItem","position":3,"name":"E-Lavena PT5f\u00e9rfi stealth black"}]},{"@type":"WebSite","@id":"https:\/\/old.stevensbikes.hu\/#website","url":"https:\/\/old.stevensbikes.hu\/","name":"stevensbikes.hu - Pr\u00e9mium N\u00e9met Ker\u00e9kp\u00e1rok","description":"A hamburgi Stevens a k\u00f6nny\u0171 \u00e9s sportos ker\u00e9kp\u00e1rok szinon\u00edm\u00e1ja, a j\u00f6v\u0151 bajnokainak v\u00e1laszt\u00e1sa 1990 \u00f3ta","publisher":{"@id":"https:\/\/old.stevensbikes.hu\/#organization"},"potentialAction":[{"@type":"SearchAction","target":{"@type":"EntryPoint","urlTemplate":"https:\/\/old.stevensbikes.hu\/?s={search_term_string}"},"query-input":{"@type":"PropertyValueSpecification","valueRequired":true,"valueName":"search_term_string"}}],"inLanguage":"en-GB"},{"@type":"Organization","@id":"https:\/\/old.stevensbikes.hu\/#organization","name":"stevensbikes.hu - Pr\u00e9mium N\u00e9met Ker\u00e9kp\u00e1rok","url":"https:\/\/old.stevensbikes.hu\/","logo":{"@type":"ImageObject","inLanguage":"en-GB","@id":"https:\/\/old.stevensbikes.hu\/#\/schema\/logo\/image\/","url":"https:\/\/old.stevensbikes.hu\/wp-content\/uploads\/2025\/03\/stevens-logo-300.png","contentUrl":"https:\/\/old.stevensbikes.hu\/wp-content\/uploads\/2025\/03\/stevens-logo-300.png","width":300,"height":42,"caption":"stevensbikes.hu - Pr\u00e9mium N\u00e9met Ker\u00e9kp\u00e1rok"},"image":{"@id":"https:\/\/old.stevensbikes.hu\/#\/schema\/logo\/image\/"},"sameAs":["https:\/\/www.facebook.com\/stevensbikeshu","https:\/\/www.instagram.com\/stevensbikes.hu\/","https:\/\/www.youtube.com\/@stevensbikes_hu\/"],"description":"2018 \u00f3ta forgalmazzuk Magyarorsz\u00e1gon N\u00e9metorsz\u00e1g vezet\u0151 ker\u00e9kp\u00e1rm\u00e1rk\u00e1j\u00e1t, a hamburgi Stevens m\u00e1rk\u00e1t, melynek f\u00f3kusz\u00e1ban a hazai ker\u00e9kp\u00e1r piacot is domin\u00e1l\u00f3 v\u00e1rosi\/t\u00fara ker\u00e9kp\u00e1rok \u00e1llnak. A Stevens c\u00e9g j\u00f3l felszerelt, eleg\u00e1ns ker\u00e9kp\u00e1rj\u00e1val seg\u00edti a min\u0151s\u00e9gi ker\u00e9kp\u00e1roz\u00e1s el\u0151ret\u00f6r\u00e9s\u00e9t haz\u00e1nkban. Jelenleg orsz\u00e1gszerte t\u00f6bb, mint 15 Stevens szakkeresked\u00e9s v\u00e1rja azokat az \u00e9rdekl\u0151d\u0151ket, akik hossz\u00fa t\u00e1von megb\u00edzhat\u00f3, kiv\u00e1l\u00f3 ker\u00e9kp\u00e1rt keresnek. Weboldalunkkal pedig az interneten \u00e9rdekl\u0151d\u0151knek szeretn\u00e9nk seg\u00edts\u00e9get ny\u00fajtani a megfelel\u0151 ker\u00e9kp\u00e1r gyors \u00e9s k\u00e9nyelmes kiv\u00e1laszt\u00e1s\u00e1hoz.","email":"info@stevensbikes.hu","telephone":"+36-24-511-270","legalName":"Pacific Cycles \u00c9rt. Kft.","foundingDate":"1990-11-20"}]}},"_links":{"self":[{"href":"https:\/\/old.stevensbikes.hu\/en\/wp-json\/wp\/v2\/product\/66753","targetHints":{"allow":["GET"]}}],"collection":[{"href":"https:\/\/old.stevensbikes.hu\/en\/wp-json\/wp\/v2\/product"}],"about":[{"href":"https:\/\/old.stevensbikes.hu\/en\/wp-json\/wp\/v2\/types\/product"}],"replies":[{"embeddable":true,"href":"https:\/\/old.stevensbikes.hu\/en\/wp-json\/wp\/v2\/comments?post=66753"}],"wp:featuredmedia":[{"embeddable":true,"href":"https:\/\/old.stevensbikes.hu\/en\/wp-json\/wp\/v2\/media\/66752"}],"wp:attachment":[{"href":"https:\/\/old.stevensbikes.hu\/en\/wp-json\/wp\/v2\/media?parent=66753"}],"wp:term":[{"taxonomy":"product_brand","embeddable":true,"href":"https:\/\/old.stevensbikes.hu\/en\/wp-json\/wp\/v2\/product_brand?post=66753"},{"taxonomy":"product_cat","embeddable":true,"href":"https:\/\/old.stevensbikes.hu\/en\/wp-json\/wp\/v2\/product_cat?post=66753"},{"taxonomy":"product_tag","embeddable":true,"href":"https:\/\/old.stevensbikes.hu\/en\/wp-json\/wp\/v2\/product_tag?post=66753"}],"curies":[{"name":"wp","href":"https:\/\/api.w.org\/{rel}","templated":true}]}}