{"id":64031,"date":"2025-10-14T08:53:34","date_gmt":"2025-10-14T06:53:34","guid":{"rendered":"https:\/\/stevensbikes.hu\/?post_type=product&#038;p=64031"},"modified":"2026-03-26T07:57:32","modified_gmt":"2026-03-26T06:57:32","slug":"boulevard-luxe-unisex-phantom-grey","status":"publish","type":"product","link":"https:\/\/old.stevensbikes.hu\/en\/product\/boulevard-luxe-unisex-phantom-grey\/","title":{"rendered":"Boulevard Luxe unisex phantom grey"},"content":{"rendered":"<p>V\u00e1z: Aluminium 6061 DB<br \/>\nEls\u0151 villa: SR Suntour NX1-Coil LO<br \/>\nTeleszk\u00f3p rug\u00f3\u00fat: 63 mm<br \/>\nEls\u0151 f\u00e9k: Tektro HD-T280<br \/>\nH\u00e1ts\u00f3 f\u00e9k: Tektro HD-T280<br \/>\nF\u00e9kkar: Tektro HD-T280<br \/>\nF\u00e9kt\u00e1rcs el\u00f6l: Tektro TR180-35A, 180 mm<br \/>\nF\u00e9kt\u00e1rcsa h\u00e1tul: Tektro TR160-35, 160 mm<br \/>\nH\u00e1ts\u00f3 v\u00e1lt\u00f3: Shimano Nexus SG-C6001-8D, 8 seb.<br \/>\nV\u00e1lt\u00f3kar jobb: Shimano Nexus 8 SL-C6000<br \/>\nL\u00e1nct\u00e1ny\u00e9r: Gates S250 CDN, 50 fog<br \/>\nSz\u00edj t\u00edpus: Gates CDN Center Track Carbon Drive Belt<br \/>\nFogasker\u00e9k: Gates CDC Center Track fogasker\u00e9k, 24 fog<br \/>\nK\u00f6z\u00e9pcsap\u00e1gy: BSA 68 mm<br \/>\nEls\u0151 felni: Oxygen RM-26 Disc, 26 x 622<br \/>\nH\u00e1ts\u00f3 felni: Oxygen RM-26 Disc, 26 x 622<br \/>\nKer\u00e9kagy el\u00f6l: Shimano DH-3D37<br \/>\nK\u00fcls\u0151 gumi el\u00f6l: Continental Contact Urban, 47-622<br \/>\nK\u00fcls\u0151 gumi h\u00e1tul: Continental Contact Urban, 47-622<br \/>\nKorm\u00e1ny: Scorpo 640 mm<br \/>\nKorm\u00e1nysz\u00e1r: Scorpo<br \/>\nKorm\u00e1nycsap\u00e1gy: STEVENS AH 1 1\/8&#8243;<br \/>\nNyereg: Selle Royal Explora Female<br \/>\nNyeregcs\u0151: Scorpo<br \/>\nPed\u00e1l: ATB Alu Reflex<br \/>\nVil\u00e1g\u00edt\u00e1s el\u00f6l: B+M Briq-S T Senso+<br \/>\nVil\u00e1g\u00edt\u00e1s h\u00e1tul: AXA Juno<br \/>\nAgydinam\u00f3: Shimano DH-3D37<br \/>\nCsomagtart\u00f3:Racktime Eco IMM csomagtart\u00f3<br \/>\nS\u00e1rv\u00e9d\u0151: SKS s\u00e1rv\u00e9d\u0151<br \/>\nKit\u00e1maszt\u00f3: Pletscher Comp kit\u00e1maszt\u00f3<br \/>\nSebess\u00e9gek sz\u00e1ma: 8<br \/>\nS\u00faly: 16,6 kg<br \/>\nMax. terhelhet\u0151s\u00e9g: 130 kg<\/p>","protected":false},"excerpt":{"rendered":"<p>Boulevard Luxe<\/p>","protected":false},"featured_media":64030,"comment_status":"open","ping_status":"closed","template":"","meta":{"_acf_changed":false},"product_brand":[233],"product_cat":[194,241],"product_tag":[242],"class_list":{"0":"post-64031","1":"product","2":"type-product","3":"status-publish","4":"has-post-thumbnail","6":"product_brand-stevens","7":"product_cat-kerekpar","8":"product_cat-varosi","9":"product_tag-szijhajtas","10":"pa_anyaga-aluminium","11":"pa_biztonsag-szint-130-kg","12":"pa_felszerelt-igen-agydinamos-vilagitas-csomagtarto-sarvedo-kitamaszto-csengo","13":"pa_kerekmeret-587","14":"pa_kivitel-unisex","15":"pa_meret-cm-932","16":"pa_meret-cm-953","17":"pa_meret-cm-951","18":"pa_specifikacio-1-475","19":"pa_specifikacio-1-474","20":"pa_specifikacio-1-473","21":"pa_suly-kg-166-kg","22":"pa_szin-phantom-grey","24":"first","25":"instock","26":"sold-individually","27":"taxable","28":"shipping-taxable","29":"purchasable","30":"product-type-variable"},"acf":[],"yoast_head":"<!-- This site is optimized with the Yoast SEO Premium plugin v26.8 (Yoast SEO v26.8) - https:\/\/yoast.com\/product\/yoast-seo-premium-wordpress\/ -->\n<title>Boulevard Luxe unisex phantom grey - stevensbikes.hu - Pr\u00e9mium N\u00e9met Ker\u00e9kp\u00e1rok<\/title>\n<meta name=\"robots\" content=\"index, follow, max-snippet:-1, max-image-preview:large, max-video-preview:-1\" \/>\n<link rel=\"canonical\" href=\"https:\/\/old.stevensbikes.hu\/en\/product\/boulevard-luxe-unisex-phantom-grey\/\" \/>\n<meta property=\"og:locale\" content=\"en_GB\" \/>\n<meta property=\"og:type\" content=\"article\" \/>\n<meta property=\"og:title\" content=\"Boulevard Luxe unisex phantom grey\" \/>\n<meta property=\"og:description\" content=\"Boulevard Luxe\" \/>\n<meta property=\"og:url\" content=\"https:\/\/old.stevensbikes.hu\/en\/product\/boulevard-luxe-unisex-phantom-grey\/\" \/>\n<meta property=\"og:site_name\" content=\"stevensbikes.hu - Pr\u00e9mium N\u00e9met Ker\u00e9kp\u00e1rok\" \/>\n<meta property=\"article:publisher\" content=\"https:\/\/www.facebook.com\/stevensbikeshu\" \/>\n<meta property=\"article:modified_time\" content=\"2026-03-26T06:57:32+00:00\" \/>\n<meta property=\"og:image\" content=\"https:\/\/old.stevensbikes.hu\/wp-content\/uploads\/2025\/10\/boulevard-luxe-forma-phantom-grey-46cm-my24-even-4.jpg\" \/>\n\t<meta property=\"og:image:width\" content=\"1500\" \/>\n\t<meta property=\"og:image:height\" content=\"1500\" \/>\n\t<meta property=\"og:image:type\" content=\"image\/jpeg\" \/>\n<meta name=\"twitter:card\" content=\"summary_large_image\" \/>\n<meta name=\"twitter:label1\" content=\"Estimated reading time\" \/>\n\t<meta name=\"twitter:data1\" content=\"1 minute\" \/>\n<script type=\"application\/ld+json\" class=\"yoast-schema-graph\">{\"@context\":\"https:\/\/schema.org\",\"@graph\":[{\"@type\":\"WebPage\",\"@id\":\"https:\/\/old.stevensbikes.hu\/en\/product\/boulevard-luxe-unisex-phantom-grey\/\",\"url\":\"https:\/\/old.stevensbikes.hu\/en\/product\/boulevard-luxe-unisex-phantom-grey\/\",\"name\":\"Boulevard Luxe unisex phantom grey - stevensbikes.hu - Pr\u00e9mium N\u00e9met Ker\u00e9kp\u00e1rok\",\"isPartOf\":{\"@id\":\"https:\/\/old.stevensbikes.hu\/#website\"},\"primaryImageOfPage\":{\"@id\":\"https:\/\/old.stevensbikes.hu\/en\/product\/boulevard-luxe-unisex-phantom-grey\/#primaryimage\"},\"image\":{\"@id\":\"https:\/\/old.stevensbikes.hu\/en\/product\/boulevard-luxe-unisex-phantom-grey\/#primaryimage\"},\"thumbnailUrl\":\"https:\/\/old.stevensbikes.hu\/wp-content\/uploads\/2025\/10\/boulevard-luxe-forma-phantom-grey-46cm-my24-even-4.jpg\",\"datePublished\":\"2025-10-14T06:53:34+00:00\",\"dateModified\":\"2026-03-26T06:57:32+00:00\",\"breadcrumb\":{\"@id\":\"https:\/\/old.stevensbikes.hu\/en\/product\/boulevard-luxe-unisex-phantom-grey\/#breadcrumb\"},\"inLanguage\":\"en-GB\",\"potentialAction\":[{\"@type\":\"ReadAction\",\"target\":[\"https:\/\/old.stevensbikes.hu\/en\/product\/boulevard-luxe-unisex-phantom-grey\/\"]}]},{\"@type\":\"ImageObject\",\"inLanguage\":\"en-GB\",\"@id\":\"https:\/\/old.stevensbikes.hu\/en\/product\/boulevard-luxe-unisex-phantom-grey\/#primaryimage\",\"url\":\"https:\/\/old.stevensbikes.hu\/wp-content\/uploads\/2025\/10\/boulevard-luxe-forma-phantom-grey-46cm-my24-even-4.jpg\",\"contentUrl\":\"https:\/\/old.stevensbikes.hu\/wp-content\/uploads\/2025\/10\/boulevard-luxe-forma-phantom-grey-46cm-my24-even-4.jpg\",\"width\":1500,\"height\":1500,\"caption\":\"BOULEVARD LUXE FORMA_PHANTOM GREY_46CM_MY24_EVEN.JPG\"},{\"@type\":\"BreadcrumbList\",\"@id\":\"https:\/\/old.stevensbikes.hu\/en\/product\/boulevard-luxe-unisex-phantom-grey\/#breadcrumb\",\"itemListElement\":[{\"@type\":\"ListItem\",\"position\":1,\"name\":\"Kezd\u0151lap\",\"item\":\"https:\/\/old.stevensbikes.hu\/\"},{\"@type\":\"ListItem\",\"position\":2,\"name\":\"Shop\",\"item\":\"https:\/\/old.stevensbikes.hu\/en\/shop\/\"},{\"@type\":\"ListItem\",\"position\":3,\"name\":\"Boulevard Luxeunisex phantom grey\"}]},{\"@type\":\"WebSite\",\"@id\":\"https:\/\/old.stevensbikes.hu\/#website\",\"url\":\"https:\/\/old.stevensbikes.hu\/\",\"name\":\"stevensbikes.hu - Pr\u00e9mium N\u00e9met Ker\u00e9kp\u00e1rok\",\"description\":\"A hamburgi Stevens a k\u00f6nny\u0171 \u00e9s sportos ker\u00e9kp\u00e1rok szinon\u00edm\u00e1ja, a j\u00f6v\u0151 bajnokainak v\u00e1laszt\u00e1sa 1990 \u00f3ta\",\"publisher\":{\"@id\":\"https:\/\/old.stevensbikes.hu\/#organization\"},\"potentialAction\":[{\"@type\":\"SearchAction\",\"target\":{\"@type\":\"EntryPoint\",\"urlTemplate\":\"https:\/\/old.stevensbikes.hu\/?s={search_term_string}\"},\"query-input\":{\"@type\":\"PropertyValueSpecification\",\"valueRequired\":true,\"valueName\":\"search_term_string\"}}],\"inLanguage\":\"en-GB\"},{\"@type\":\"Organization\",\"@id\":\"https:\/\/old.stevensbikes.hu\/#organization\",\"name\":\"stevensbikes.hu - Pr\u00e9mium N\u00e9met Ker\u00e9kp\u00e1rok\",\"url\":\"https:\/\/old.stevensbikes.hu\/\",\"logo\":{\"@type\":\"ImageObject\",\"inLanguage\":\"en-GB\",\"@id\":\"https:\/\/old.stevensbikes.hu\/#\/schema\/logo\/image\/\",\"url\":\"https:\/\/old.stevensbikes.hu\/wp-content\/uploads\/2025\/03\/stevens-logo-300.png\",\"contentUrl\":\"https:\/\/old.stevensbikes.hu\/wp-content\/uploads\/2025\/03\/stevens-logo-300.png\",\"width\":300,\"height\":42,\"caption\":\"stevensbikes.hu - Pr\u00e9mium N\u00e9met Ker\u00e9kp\u00e1rok\"},\"image\":{\"@id\":\"https:\/\/old.stevensbikes.hu\/#\/schema\/logo\/image\/\"},\"sameAs\":[\"https:\/\/www.facebook.com\/stevensbikeshu\",\"https:\/\/www.instagram.com\/stevensbikes.hu\/\",\"https:\/\/www.youtube.com\/@stevensbikes_hu\/\"],\"description\":\"2018 \u00f3ta forgalmazzuk Magyarorsz\u00e1gon N\u00e9metorsz\u00e1g vezet\u0151 ker\u00e9kp\u00e1rm\u00e1rk\u00e1j\u00e1t, a hamburgi Stevens m\u00e1rk\u00e1t, melynek f\u00f3kusz\u00e1ban a hazai ker\u00e9kp\u00e1r piacot is domin\u00e1l\u00f3 v\u00e1rosi\/t\u00fara ker\u00e9kp\u00e1rok \u00e1llnak. A Stevens c\u00e9g j\u00f3l felszerelt, eleg\u00e1ns ker\u00e9kp\u00e1rj\u00e1val seg\u00edti a min\u0151s\u00e9gi ker\u00e9kp\u00e1roz\u00e1s el\u0151ret\u00f6r\u00e9s\u00e9t haz\u00e1nkban. Jelenleg orsz\u00e1gszerte t\u00f6bb, mint 15 Stevens szakkeresked\u00e9s v\u00e1rja azokat az \u00e9rdekl\u0151d\u0151ket, akik hossz\u00fa t\u00e1von megb\u00edzhat\u00f3, kiv\u00e1l\u00f3 ker\u00e9kp\u00e1rt keresnek. Weboldalunkkal pedig az interneten \u00e9rdekl\u0151d\u0151knek szeretn\u00e9nk seg\u00edts\u00e9get ny\u00fajtani a megfelel\u0151 ker\u00e9kp\u00e1r gyors \u00e9s k\u00e9nyelmes kiv\u00e1laszt\u00e1s\u00e1hoz.\",\"email\":\"info@stevensbikes.hu\",\"telephone\":\"+36-24-511-270\",\"legalName\":\"Pacific Cycles \u00c9rt. Kft.\",\"foundingDate\":\"1990-11-20\"}]}<\/script>\n<!-- \/ Yoast SEO Premium plugin. -->","yoast_head_json":{"title":"Boulevard Luxe unisex phantom grey - stevensbikes.hu - Pr\u00e9mium N\u00e9met Ker\u00e9kp\u00e1rok","robots":{"index":"index","follow":"follow","max-snippet":"max-snippet:-1","max-image-preview":"max-image-preview:large","max-video-preview":"max-video-preview:-1"},"canonical":"https:\/\/old.stevensbikes.hu\/en\/product\/boulevard-luxe-unisex-phantom-grey\/","og_locale":"en_GB","og_type":"article","og_title":"Boulevard Luxe unisex phantom grey","og_description":"Boulevard Luxe","og_url":"https:\/\/old.stevensbikes.hu\/en\/product\/boulevard-luxe-unisex-phantom-grey\/","og_site_name":"stevensbikes.hu - Pr\u00e9mium N\u00e9met Ker\u00e9kp\u00e1rok","article_publisher":"https:\/\/www.facebook.com\/stevensbikeshu","article_modified_time":"2026-03-26T06:57:32+00:00","og_image":[{"width":1500,"height":1500,"url":"https:\/\/old.stevensbikes.hu\/wp-content\/uploads\/2025\/10\/boulevard-luxe-forma-phantom-grey-46cm-my24-even-4.jpg","type":"image\/jpeg"}],"twitter_card":"summary_large_image","twitter_misc":{"Estimated reading time":"1 minute"},"schema":{"@context":"https:\/\/schema.org","@graph":[{"@type":"WebPage","@id":"https:\/\/old.stevensbikes.hu\/en\/product\/boulevard-luxe-unisex-phantom-grey\/","url":"https:\/\/old.stevensbikes.hu\/en\/product\/boulevard-luxe-unisex-phantom-grey\/","name":"Boulevard Luxe unisex phantom grey - stevensbikes.hu - Pr\u00e9mium N\u00e9met Ker\u00e9kp\u00e1rok","isPartOf":{"@id":"https:\/\/old.stevensbikes.hu\/#website"},"primaryImageOfPage":{"@id":"https:\/\/old.stevensbikes.hu\/en\/product\/boulevard-luxe-unisex-phantom-grey\/#primaryimage"},"image":{"@id":"https:\/\/old.stevensbikes.hu\/en\/product\/boulevard-luxe-unisex-phantom-grey\/#primaryimage"},"thumbnailUrl":"https:\/\/old.stevensbikes.hu\/wp-content\/uploads\/2025\/10\/boulevard-luxe-forma-phantom-grey-46cm-my24-even-4.jpg","datePublished":"2025-10-14T06:53:34+00:00","dateModified":"2026-03-26T06:57:32+00:00","breadcrumb":{"@id":"https:\/\/old.stevensbikes.hu\/en\/product\/boulevard-luxe-unisex-phantom-grey\/#breadcrumb"},"inLanguage":"en-GB","potentialAction":[{"@type":"ReadAction","target":["https:\/\/old.stevensbikes.hu\/en\/product\/boulevard-luxe-unisex-phantom-grey\/"]}]},{"@type":"ImageObject","inLanguage":"en-GB","@id":"https:\/\/old.stevensbikes.hu\/en\/product\/boulevard-luxe-unisex-phantom-grey\/#primaryimage","url":"https:\/\/old.stevensbikes.hu\/wp-content\/uploads\/2025\/10\/boulevard-luxe-forma-phantom-grey-46cm-my24-even-4.jpg","contentUrl":"https:\/\/old.stevensbikes.hu\/wp-content\/uploads\/2025\/10\/boulevard-luxe-forma-phantom-grey-46cm-my24-even-4.jpg","width":1500,"height":1500,"caption":"BOULEVARD LUXE FORMA_PHANTOM GREY_46CM_MY24_EVEN.JPG"},{"@type":"BreadcrumbList","@id":"https:\/\/old.stevensbikes.hu\/en\/product\/boulevard-luxe-unisex-phantom-grey\/#breadcrumb","itemListElement":[{"@type":"ListItem","position":1,"name":"Kezd\u0151lap","item":"https:\/\/old.stevensbikes.hu\/"},{"@type":"ListItem","position":2,"name":"Shop","item":"https:\/\/old.stevensbikes.hu\/en\/shop\/"},{"@type":"ListItem","position":3,"name":"Boulevard Luxeunisex phantom grey"}]},{"@type":"WebSite","@id":"https:\/\/old.stevensbikes.hu\/#website","url":"https:\/\/old.stevensbikes.hu\/","name":"stevensbikes.hu - Pr\u00e9mium N\u00e9met Ker\u00e9kp\u00e1rok","description":"A hamburgi Stevens a k\u00f6nny\u0171 \u00e9s sportos ker\u00e9kp\u00e1rok szinon\u00edm\u00e1ja, a j\u00f6v\u0151 bajnokainak v\u00e1laszt\u00e1sa 1990 \u00f3ta","publisher":{"@id":"https:\/\/old.stevensbikes.hu\/#organization"},"potentialAction":[{"@type":"SearchAction","target":{"@type":"EntryPoint","urlTemplate":"https:\/\/old.stevensbikes.hu\/?s={search_term_string}"},"query-input":{"@type":"PropertyValueSpecification","valueRequired":true,"valueName":"search_term_string"}}],"inLanguage":"en-GB"},{"@type":"Organization","@id":"https:\/\/old.stevensbikes.hu\/#organization","name":"stevensbikes.hu - Pr\u00e9mium N\u00e9met Ker\u00e9kp\u00e1rok","url":"https:\/\/old.stevensbikes.hu\/","logo":{"@type":"ImageObject","inLanguage":"en-GB","@id":"https:\/\/old.stevensbikes.hu\/#\/schema\/logo\/image\/","url":"https:\/\/old.stevensbikes.hu\/wp-content\/uploads\/2025\/03\/stevens-logo-300.png","contentUrl":"https:\/\/old.stevensbikes.hu\/wp-content\/uploads\/2025\/03\/stevens-logo-300.png","width":300,"height":42,"caption":"stevensbikes.hu - Pr\u00e9mium N\u00e9met Ker\u00e9kp\u00e1rok"},"image":{"@id":"https:\/\/old.stevensbikes.hu\/#\/schema\/logo\/image\/"},"sameAs":["https:\/\/www.facebook.com\/stevensbikeshu","https:\/\/www.instagram.com\/stevensbikes.hu\/","https:\/\/www.youtube.com\/@stevensbikes_hu\/"],"description":"2018 \u00f3ta forgalmazzuk Magyarorsz\u00e1gon N\u00e9metorsz\u00e1g vezet\u0151 ker\u00e9kp\u00e1rm\u00e1rk\u00e1j\u00e1t, a hamburgi Stevens m\u00e1rk\u00e1t, melynek f\u00f3kusz\u00e1ban a hazai ker\u00e9kp\u00e1r piacot is domin\u00e1l\u00f3 v\u00e1rosi\/t\u00fara ker\u00e9kp\u00e1rok \u00e1llnak. A Stevens c\u00e9g j\u00f3l felszerelt, eleg\u00e1ns ker\u00e9kp\u00e1rj\u00e1val seg\u00edti a min\u0151s\u00e9gi ker\u00e9kp\u00e1roz\u00e1s el\u0151ret\u00f6r\u00e9s\u00e9t haz\u00e1nkban. Jelenleg orsz\u00e1gszerte t\u00f6bb, mint 15 Stevens szakkeresked\u00e9s v\u00e1rja azokat az \u00e9rdekl\u0151d\u0151ket, akik hossz\u00fa t\u00e1von megb\u00edzhat\u00f3, kiv\u00e1l\u00f3 ker\u00e9kp\u00e1rt keresnek. Weboldalunkkal pedig az interneten \u00e9rdekl\u0151d\u0151knek szeretn\u00e9nk seg\u00edts\u00e9get ny\u00fajtani a megfelel\u0151 ker\u00e9kp\u00e1r gyors \u00e9s k\u00e9nyelmes kiv\u00e1laszt\u00e1s\u00e1hoz.","email":"info@stevensbikes.hu","telephone":"+36-24-511-270","legalName":"Pacific Cycles \u00c9rt. Kft.","foundingDate":"1990-11-20"}]}},"_links":{"self":[{"href":"https:\/\/old.stevensbikes.hu\/en\/wp-json\/wp\/v2\/product\/64031","targetHints":{"allow":["GET"]}}],"collection":[{"href":"https:\/\/old.stevensbikes.hu\/en\/wp-json\/wp\/v2\/product"}],"about":[{"href":"https:\/\/old.stevensbikes.hu\/en\/wp-json\/wp\/v2\/types\/product"}],"replies":[{"embeddable":true,"href":"https:\/\/old.stevensbikes.hu\/en\/wp-json\/wp\/v2\/comments?post=64031"}],"wp:featuredmedia":[{"embeddable":true,"href":"https:\/\/old.stevensbikes.hu\/en\/wp-json\/wp\/v2\/media\/64030"}],"wp:attachment":[{"href":"https:\/\/old.stevensbikes.hu\/en\/wp-json\/wp\/v2\/media?parent=64031"}],"wp:term":[{"taxonomy":"product_brand","embeddable":true,"href":"https:\/\/old.stevensbikes.hu\/en\/wp-json\/wp\/v2\/product_brand?post=64031"},{"taxonomy":"product_cat","embeddable":true,"href":"https:\/\/old.stevensbikes.hu\/en\/wp-json\/wp\/v2\/product_cat?post=64031"},{"taxonomy":"product_tag","embeddable":true,"href":"https:\/\/old.stevensbikes.hu\/en\/wp-json\/wp\/v2\/product_tag?post=64031"}],"curies":[{"name":"wp","href":"https:\/\/api.w.org\/{rel}","templated":true}]}}