{"id":63114,"date":"2025-10-13T20:19:25","date_gmt":"2025-10-13T18:19:25","guid":{"rendered":"https:\/\/stevensbikes.hu\/?post_type=product&#038;p=63114"},"modified":"2026-03-26T08:08:19","modified_gmt":"2026-03-26T07:08:19","slug":"3x-noi-phantom-grey-generation-1","status":"publish","type":"product","link":"https:\/\/old.stevensbikes.hu\/en\/product\/3x-noi-phantom-grey-generation-1\/","title":{"rendered":"3X n\u0151i phantom grey Generation 1"},"content":{"rendered":"<p>V\u00e1z: Aluminium 6061<br \/>\nEls\u0151 villa: SR Suntour NEX-P<br \/>\nTeleszk\u00f3p rug\u00f3\u00fat: 63 mm<br \/>\nEls\u0151 f\u00e9k: Tektro STB-01<br \/>\nH\u00e1ts\u00f3 f\u00e9k: Tektro STB-01<br \/>\nF\u00e9kkar: Shimano ST-EF500<br \/>\nEls\u0151 v\u00e1lt\u00f3: Shimano Altus FD-M310-M6<br \/>\nH\u00e1ts\u00f3 v\u00e1lt\u00f3: Shimano Alivio Trekking RD-T4000-SGS, 24 seb.<br \/>\nV\u00e1lt\u00f3kar bal: Shimano ST-EF500<br \/>\nV\u00e1lt\u00f3kar jobb: Shimano ST-EF500<br \/>\nL\u00e1nct\u00e1ny\u00e9r: Shimano Tourney FC-TX801, 48-38-28 fog<br \/>\nFogasker\u00e9k: Shimano CS-HG31, 8 seb.<br \/>\nK\u00f6z\u00e9pcsap\u00e1gy: BSA 73 mm<br \/>\nEls\u0151 felni: Oxygen COMP A17, 17 x 622<br \/>\nH\u00e1ts\u00f3 felni: Oxygen COMP A17, 17 x 622<br \/>\nKer\u00e9kagy el\u00f6l: Shimano HB-T3000<br \/>\nKer\u00e9kagy h\u00e1tul: Shimano FH-T3000<br \/>\nK\u00fcls\u0151 gumi el\u00f6l: Schwalbe Smart Sam Active-Line, 42-622<br \/>\nK\u00fcls\u0151 gumi h\u00e1tul: Schwalbe Smart Sam Active-Line, 42-622<br \/>\nKorm\u00e1ny: Oxygen Driver 630 mm<br \/>\nKorm\u00e1nysz\u00e1r: Oxygen Driver<br \/>\nKorm\u00e1nycsap\u00e1gy: STEVENS MTB 1 1\/8&#8243;<br \/>\nNyereg: Oxygen Comfortline<br \/>\nNyeregcs\u0151: Oxygen Aluminium<br \/>\nPed\u00e1l: MTB Alu Flatpedal Reflex<br \/>\nSebess\u00e9gek sz\u00e1ma: 24<br \/>\nS\u00faly: 13,5 kg<br \/>\nMax. terhelhet\u0151s\u00e9g: 130 kg<\/p>","protected":false},"excerpt":{"rendered":"<p>3X<\/p>","protected":false},"featured_media":63113,"comment_status":"open","ping_status":"closed","template":"","meta":{"_acf_changed":false},"product_brand":[233],"product_cat":[214,194],"product_tag":[],"class_list":{"0":"post-63114","1":"product","2":"type-product","3":"status-publish","4":"has-post-thumbnail","6":"product_brand-stevens","7":"product_cat-cross-trekking","8":"product_cat-kerekpar","9":"pa_anyaga-aluminium","10":"pa_biztonsag-szint-130-kg","11":"pa_felszerelt-nem","12":"pa_kerekmeret-587","13":"pa_kivitel-noi","14":"pa_meret-cm-932","15":"pa_meret-cm-954","16":"pa_meret-cm-952","17":"pa_sebesseg-3x8","18":"pa_specifikacio-1-475","19":"pa_specifikacio-1-495","20":"pa_specifikacio-1-494","21":"pa_suly-kg-135-kg","22":"pa_szin-phantom-grey","24":"first","25":"instock","26":"sold-individually","27":"taxable","28":"shipping-taxable","29":"purchasable","30":"product-type-variable"},"acf":[],"yoast_head":"<!-- This site is optimized with the Yoast SEO Premium plugin v26.8 (Yoast SEO v26.8) - https:\/\/yoast.com\/product\/yoast-seo-premium-wordpress\/ -->\n<title>3X n\u0151i phantom grey Generation 1 - stevensbikes.hu - Pr\u00e9mium N\u00e9met Ker\u00e9kp\u00e1rok<\/title>\n<meta name=\"robots\" content=\"index, follow, max-snippet:-1, max-image-preview:large, max-video-preview:-1\" \/>\n<link rel=\"canonical\" href=\"https:\/\/old.stevensbikes.hu\/en\/product\/3x-noi-phantom-grey-generation-1\/\" \/>\n<meta property=\"og:locale\" content=\"en_GB\" \/>\n<meta property=\"og:type\" content=\"article\" \/>\n<meta property=\"og:title\" content=\"3X n\u0151i phantom grey Generation 1\" \/>\n<meta property=\"og:description\" content=\"3X\" \/>\n<meta property=\"og:url\" content=\"https:\/\/old.stevensbikes.hu\/en\/product\/3x-noi-phantom-grey-generation-1\/\" \/>\n<meta property=\"og:site_name\" content=\"stevensbikes.hu - Pr\u00e9mium N\u00e9met Ker\u00e9kp\u00e1rok\" \/>\n<meta property=\"article:publisher\" content=\"https:\/\/www.facebook.com\/stevensbikeshu\" \/>\n<meta property=\"article:modified_time\" content=\"2026-03-26T07:08:19+00:00\" \/>\n<meta property=\"og:image\" content=\"https:\/\/old.stevensbikes.hu\/wp-content\/uploads\/2025\/10\/3x-lady-23-50-phantom-grey-my23.jpg\" \/>\n\t<meta property=\"og:image:width\" content=\"1500\" \/>\n\t<meta property=\"og:image:height\" content=\"1500\" \/>\n\t<meta property=\"og:image:type\" content=\"image\/jpeg\" \/>\n<meta name=\"twitter:card\" content=\"summary_large_image\" \/>\n<meta name=\"twitter:label1\" content=\"Estimated reading time\" \/>\n\t<meta name=\"twitter:data1\" content=\"1 minute\" \/>\n<script type=\"application\/ld+json\" class=\"yoast-schema-graph\">{\"@context\":\"https:\/\/schema.org\",\"@graph\":[{\"@type\":\"WebPage\",\"@id\":\"https:\/\/old.stevensbikes.hu\/termek\/3x-noi-phantom-grey-generation-1\/\",\"url\":\"https:\/\/old.stevensbikes.hu\/termek\/3x-noi-phantom-grey-generation-1\/\",\"name\":\"3X n\u0151i phantom grey Generation 1 - stevensbikes.hu - Pr\u00e9mium N\u00e9met Ker\u00e9kp\u00e1rok\",\"isPartOf\":{\"@id\":\"https:\/\/old.stevensbikes.hu\/#website\"},\"primaryImageOfPage\":{\"@id\":\"https:\/\/old.stevensbikes.hu\/termek\/3x-noi-phantom-grey-generation-1\/#primaryimage\"},\"image\":{\"@id\":\"https:\/\/old.stevensbikes.hu\/termek\/3x-noi-phantom-grey-generation-1\/#primaryimage\"},\"thumbnailUrl\":\"https:\/\/old.stevensbikes.hu\/wp-content\/uploads\/2025\/10\/3x-lady-23-50-phantom-grey-my23.jpg\",\"datePublished\":\"2025-10-13T18:19:25+00:00\",\"dateModified\":\"2026-03-26T07:08:19+00:00\",\"breadcrumb\":{\"@id\":\"https:\/\/old.stevensbikes.hu\/termek\/3x-noi-phantom-grey-generation-1\/#breadcrumb\"},\"inLanguage\":\"en-GB\",\"potentialAction\":[{\"@type\":\"ReadAction\",\"target\":[\"https:\/\/old.stevensbikes.hu\/termek\/3x-noi-phantom-grey-generation-1\/\"]}]},{\"@type\":\"ImageObject\",\"inLanguage\":\"en-GB\",\"@id\":\"https:\/\/old.stevensbikes.hu\/termek\/3x-noi-phantom-grey-generation-1\/#primaryimage\",\"url\":\"https:\/\/old.stevensbikes.hu\/wp-content\/uploads\/2025\/10\/3x-lady-23-50-phantom-grey-my23.jpg\",\"contentUrl\":\"https:\/\/old.stevensbikes.hu\/wp-content\/uploads\/2025\/10\/3x-lady-23-50-phantom-grey-my23.jpg\",\"width\":1500,\"height\":1500,\"caption\":\"3X LADY_23_50_PHANTOM GREY MY23.JPG\"},{\"@type\":\"BreadcrumbList\",\"@id\":\"https:\/\/old.stevensbikes.hu\/termek\/3x-noi-phantom-grey-generation-1\/#breadcrumb\",\"itemListElement\":[{\"@type\":\"ListItem\",\"position\":1,\"name\":\"Kezd\u0151lap\",\"item\":\"https:\/\/old.stevensbikes.hu\/\"},{\"@type\":\"ListItem\",\"position\":2,\"name\":\"Shop\",\"item\":\"https:\/\/old.stevensbikes.hu\/en\/shop\/\"},{\"@type\":\"ListItem\",\"position\":3,\"name\":\"3X Generation 1n\u0151i phantom grey\"}]},{\"@type\":\"WebSite\",\"@id\":\"https:\/\/old.stevensbikes.hu\/#website\",\"url\":\"https:\/\/old.stevensbikes.hu\/\",\"name\":\"stevensbikes.hu - Pr\u00e9mium N\u00e9met Ker\u00e9kp\u00e1rok\",\"description\":\"A hamburgi Stevens a k\u00f6nny\u0171 \u00e9s sportos ker\u00e9kp\u00e1rok szinon\u00edm\u00e1ja, a j\u00f6v\u0151 bajnokainak v\u00e1laszt\u00e1sa 1990 \u00f3ta\",\"publisher\":{\"@id\":\"https:\/\/old.stevensbikes.hu\/#organization\"},\"potentialAction\":[{\"@type\":\"SearchAction\",\"target\":{\"@type\":\"EntryPoint\",\"urlTemplate\":\"https:\/\/old.stevensbikes.hu\/?s={search_term_string}\"},\"query-input\":{\"@type\":\"PropertyValueSpecification\",\"valueRequired\":true,\"valueName\":\"search_term_string\"}}],\"inLanguage\":\"en-GB\"},{\"@type\":\"Organization\",\"@id\":\"https:\/\/old.stevensbikes.hu\/#organization\",\"name\":\"stevensbikes.hu - Pr\u00e9mium N\u00e9met Ker\u00e9kp\u00e1rok\",\"url\":\"https:\/\/old.stevensbikes.hu\/\",\"logo\":{\"@type\":\"ImageObject\",\"inLanguage\":\"en-GB\",\"@id\":\"https:\/\/old.stevensbikes.hu\/#\/schema\/logo\/image\/\",\"url\":\"https:\/\/old.stevensbikes.hu\/wp-content\/uploads\/2025\/03\/stevens-logo-300.png\",\"contentUrl\":\"https:\/\/old.stevensbikes.hu\/wp-content\/uploads\/2025\/03\/stevens-logo-300.png\",\"width\":300,\"height\":42,\"caption\":\"stevensbikes.hu - Pr\u00e9mium N\u00e9met Ker\u00e9kp\u00e1rok\"},\"image\":{\"@id\":\"https:\/\/old.stevensbikes.hu\/#\/schema\/logo\/image\/\"},\"sameAs\":[\"https:\/\/www.facebook.com\/stevensbikeshu\",\"https:\/\/www.instagram.com\/stevensbikes.hu\/\",\"https:\/\/www.youtube.com\/@stevensbikes_hu\/\"],\"description\":\"2018 \u00f3ta forgalmazzuk Magyarorsz\u00e1gon N\u00e9metorsz\u00e1g vezet\u0151 ker\u00e9kp\u00e1rm\u00e1rk\u00e1j\u00e1t, a hamburgi Stevens m\u00e1rk\u00e1t, melynek f\u00f3kusz\u00e1ban a hazai ker\u00e9kp\u00e1r piacot is domin\u00e1l\u00f3 v\u00e1rosi\/t\u00fara ker\u00e9kp\u00e1rok \u00e1llnak. A Stevens c\u00e9g j\u00f3l felszerelt, eleg\u00e1ns ker\u00e9kp\u00e1rj\u00e1val seg\u00edti a min\u0151s\u00e9gi ker\u00e9kp\u00e1roz\u00e1s el\u0151ret\u00f6r\u00e9s\u00e9t haz\u00e1nkban. Jelenleg orsz\u00e1gszerte t\u00f6bb, mint 15 Stevens szakkeresked\u00e9s v\u00e1rja azokat az \u00e9rdekl\u0151d\u0151ket, akik hossz\u00fa t\u00e1von megb\u00edzhat\u00f3, kiv\u00e1l\u00f3 ker\u00e9kp\u00e1rt keresnek. Weboldalunkkal pedig az interneten \u00e9rdekl\u0151d\u0151knek szeretn\u00e9nk seg\u00edts\u00e9get ny\u00fajtani a megfelel\u0151 ker\u00e9kp\u00e1r gyors \u00e9s k\u00e9nyelmes kiv\u00e1laszt\u00e1s\u00e1hoz.\",\"email\":\"info@stevensbikes.hu\",\"telephone\":\"+36-24-511-270\",\"legalName\":\"Pacific Cycles \u00c9rt. Kft.\",\"foundingDate\":\"1990-11-20\"}]}<\/script>\n<!-- \/ Yoast SEO Premium plugin. -->","yoast_head_json":{"title":"3X n\u0151i phantom grey Generation 1 - stevensbikes.hu - Pr\u00e9mium N\u00e9met Ker\u00e9kp\u00e1rok","robots":{"index":"index","follow":"follow","max-snippet":"max-snippet:-1","max-image-preview":"max-image-preview:large","max-video-preview":"max-video-preview:-1"},"canonical":"https:\/\/old.stevensbikes.hu\/en\/product\/3x-noi-phantom-grey-generation-1\/","og_locale":"en_GB","og_type":"article","og_title":"3X n\u0151i phantom grey Generation 1","og_description":"3X","og_url":"https:\/\/old.stevensbikes.hu\/en\/product\/3x-noi-phantom-grey-generation-1\/","og_site_name":"stevensbikes.hu - Pr\u00e9mium N\u00e9met Ker\u00e9kp\u00e1rok","article_publisher":"https:\/\/www.facebook.com\/stevensbikeshu","article_modified_time":"2026-03-26T07:08:19+00:00","og_image":[{"width":1500,"height":1500,"url":"https:\/\/old.stevensbikes.hu\/wp-content\/uploads\/2025\/10\/3x-lady-23-50-phantom-grey-my23.jpg","type":"image\/jpeg"}],"twitter_card":"summary_large_image","twitter_misc":{"Estimated reading time":"1 minute"},"schema":{"@context":"https:\/\/schema.org","@graph":[{"@type":"WebPage","@id":"https:\/\/old.stevensbikes.hu\/termek\/3x-noi-phantom-grey-generation-1\/","url":"https:\/\/old.stevensbikes.hu\/termek\/3x-noi-phantom-grey-generation-1\/","name":"3X n\u0151i phantom grey Generation 1 - stevensbikes.hu - Pr\u00e9mium N\u00e9met Ker\u00e9kp\u00e1rok","isPartOf":{"@id":"https:\/\/old.stevensbikes.hu\/#website"},"primaryImageOfPage":{"@id":"https:\/\/old.stevensbikes.hu\/termek\/3x-noi-phantom-grey-generation-1\/#primaryimage"},"image":{"@id":"https:\/\/old.stevensbikes.hu\/termek\/3x-noi-phantom-grey-generation-1\/#primaryimage"},"thumbnailUrl":"https:\/\/old.stevensbikes.hu\/wp-content\/uploads\/2025\/10\/3x-lady-23-50-phantom-grey-my23.jpg","datePublished":"2025-10-13T18:19:25+00:00","dateModified":"2026-03-26T07:08:19+00:00","breadcrumb":{"@id":"https:\/\/old.stevensbikes.hu\/termek\/3x-noi-phantom-grey-generation-1\/#breadcrumb"},"inLanguage":"en-GB","potentialAction":[{"@type":"ReadAction","target":["https:\/\/old.stevensbikes.hu\/termek\/3x-noi-phantom-grey-generation-1\/"]}]},{"@type":"ImageObject","inLanguage":"en-GB","@id":"https:\/\/old.stevensbikes.hu\/termek\/3x-noi-phantom-grey-generation-1\/#primaryimage","url":"https:\/\/old.stevensbikes.hu\/wp-content\/uploads\/2025\/10\/3x-lady-23-50-phantom-grey-my23.jpg","contentUrl":"https:\/\/old.stevensbikes.hu\/wp-content\/uploads\/2025\/10\/3x-lady-23-50-phantom-grey-my23.jpg","width":1500,"height":1500,"caption":"3X LADY_23_50_PHANTOM GREY MY23.JPG"},{"@type":"BreadcrumbList","@id":"https:\/\/old.stevensbikes.hu\/termek\/3x-noi-phantom-grey-generation-1\/#breadcrumb","itemListElement":[{"@type":"ListItem","position":1,"name":"Kezd\u0151lap","item":"https:\/\/old.stevensbikes.hu\/"},{"@type":"ListItem","position":2,"name":"Shop","item":"https:\/\/old.stevensbikes.hu\/en\/shop\/"},{"@type":"ListItem","position":3,"name":"3X Generation 1n\u0151i phantom grey"}]},{"@type":"WebSite","@id":"https:\/\/old.stevensbikes.hu\/#website","url":"https:\/\/old.stevensbikes.hu\/","name":"stevensbikes.hu - Pr\u00e9mium N\u00e9met Ker\u00e9kp\u00e1rok","description":"A hamburgi Stevens a k\u00f6nny\u0171 \u00e9s sportos ker\u00e9kp\u00e1rok szinon\u00edm\u00e1ja, a j\u00f6v\u0151 bajnokainak v\u00e1laszt\u00e1sa 1990 \u00f3ta","publisher":{"@id":"https:\/\/old.stevensbikes.hu\/#organization"},"potentialAction":[{"@type":"SearchAction","target":{"@type":"EntryPoint","urlTemplate":"https:\/\/old.stevensbikes.hu\/?s={search_term_string}"},"query-input":{"@type":"PropertyValueSpecification","valueRequired":true,"valueName":"search_term_string"}}],"inLanguage":"en-GB"},{"@type":"Organization","@id":"https:\/\/old.stevensbikes.hu\/#organization","name":"stevensbikes.hu - Pr\u00e9mium N\u00e9met Ker\u00e9kp\u00e1rok","url":"https:\/\/old.stevensbikes.hu\/","logo":{"@type":"ImageObject","inLanguage":"en-GB","@id":"https:\/\/old.stevensbikes.hu\/#\/schema\/logo\/image\/","url":"https:\/\/old.stevensbikes.hu\/wp-content\/uploads\/2025\/03\/stevens-logo-300.png","contentUrl":"https:\/\/old.stevensbikes.hu\/wp-content\/uploads\/2025\/03\/stevens-logo-300.png","width":300,"height":42,"caption":"stevensbikes.hu - Pr\u00e9mium N\u00e9met Ker\u00e9kp\u00e1rok"},"image":{"@id":"https:\/\/old.stevensbikes.hu\/#\/schema\/logo\/image\/"},"sameAs":["https:\/\/www.facebook.com\/stevensbikeshu","https:\/\/www.instagram.com\/stevensbikes.hu\/","https:\/\/www.youtube.com\/@stevensbikes_hu\/"],"description":"2018 \u00f3ta forgalmazzuk Magyarorsz\u00e1gon N\u00e9metorsz\u00e1g vezet\u0151 ker\u00e9kp\u00e1rm\u00e1rk\u00e1j\u00e1t, a hamburgi Stevens m\u00e1rk\u00e1t, melynek f\u00f3kusz\u00e1ban a hazai ker\u00e9kp\u00e1r piacot is domin\u00e1l\u00f3 v\u00e1rosi\/t\u00fara ker\u00e9kp\u00e1rok \u00e1llnak. A Stevens c\u00e9g j\u00f3l felszerelt, eleg\u00e1ns ker\u00e9kp\u00e1rj\u00e1val seg\u00edti a min\u0151s\u00e9gi ker\u00e9kp\u00e1roz\u00e1s el\u0151ret\u00f6r\u00e9s\u00e9t haz\u00e1nkban. Jelenleg orsz\u00e1gszerte t\u00f6bb, mint 15 Stevens szakkeresked\u00e9s v\u00e1rja azokat az \u00e9rdekl\u0151d\u0151ket, akik hossz\u00fa t\u00e1von megb\u00edzhat\u00f3, kiv\u00e1l\u00f3 ker\u00e9kp\u00e1rt keresnek. Weboldalunkkal pedig az interneten \u00e9rdekl\u0151d\u0151knek szeretn\u00e9nk seg\u00edts\u00e9get ny\u00fajtani a megfelel\u0151 ker\u00e9kp\u00e1r gyors \u00e9s k\u00e9nyelmes kiv\u00e1laszt\u00e1s\u00e1hoz.","email":"info@stevensbikes.hu","telephone":"+36-24-511-270","legalName":"Pacific Cycles \u00c9rt. Kft.","foundingDate":"1990-11-20"}]}},"_links":{"self":[{"href":"https:\/\/old.stevensbikes.hu\/en\/wp-json\/wp\/v2\/product\/63114","targetHints":{"allow":["GET"]}}],"collection":[{"href":"https:\/\/old.stevensbikes.hu\/en\/wp-json\/wp\/v2\/product"}],"about":[{"href":"https:\/\/old.stevensbikes.hu\/en\/wp-json\/wp\/v2\/types\/product"}],"replies":[{"embeddable":true,"href":"https:\/\/old.stevensbikes.hu\/en\/wp-json\/wp\/v2\/comments?post=63114"}],"wp:featuredmedia":[{"embeddable":true,"href":"https:\/\/old.stevensbikes.hu\/en\/wp-json\/wp\/v2\/media\/63113"}],"wp:attachment":[{"href":"https:\/\/old.stevensbikes.hu\/en\/wp-json\/wp\/v2\/media?parent=63114"}],"wp:term":[{"taxonomy":"product_brand","embeddable":true,"href":"https:\/\/old.stevensbikes.hu\/en\/wp-json\/wp\/v2\/product_brand?post=63114"},{"taxonomy":"product_cat","embeddable":true,"href":"https:\/\/old.stevensbikes.hu\/en\/wp-json\/wp\/v2\/product_cat?post=63114"},{"taxonomy":"product_tag","embeddable":true,"href":"https:\/\/old.stevensbikes.hu\/en\/wp-json\/wp\/v2\/product_tag?post=63114"}],"curies":[{"name":"wp","href":"https:\/\/api.w.org\/{rel}","templated":true}]}}